{"id":3172,"date":"2025-03-11T19:02:47","date_gmt":"2025-03-11T18:02:47","guid":{"rendered":"https:\/\/nd.gaz69.cz\/?post_type=product&#038;p=3172"},"modified":"2025-09-26T09:37:29","modified_gmt":"2025-09-26T07:37:29","slug":"vzpera-k-nastaveni-dynama","status":"publish","type":"product","link":"https:\/\/nd.gaz69.cz\/en\/produkt\/vzpera-k-nastaveni-dynama\/","title":{"rendered":"Vzp\u011bra k nastaven\u00ed dynama"},"content":{"rendered":"<p>Analog. Nov\u00e1.<\/p>\n","protected":false},"excerpt":{"rendered":"<p>Analog. Nov\u00e1.<\/p>\n","protected":false},"featured_media":4314,"template":"","meta":[],"product_brand":[],"product_cat":[31,18,54,55,56],"product_tag":[],"class_list":{"0":"post-3172","1":"product","2":"type-product","3":"status-publish","4":"has-post-thumbnail","6":"product_cat-elektricke_casti","7":"product_cat-motor_spojka_prevodovky","8":"product_cat-uaz_469_uaz_452","9":"product_cat-volha_21","10":"product_cat-volha_24","12":"first","13":"instock","14":"shipping-taxable","15":"purchasable","16":"product-type-simple"},"_links":{"self":[{"href":"https:\/\/nd.gaz69.cz\/en\/wp-json\/wp\/v2\/product\/3172","targetHints":{"allow":["GET"]}}],"collection":[{"href":"https:\/\/nd.gaz69.cz\/en\/wp-json\/wp\/v2\/product"}],"about":[{"href":"https:\/\/nd.gaz69.cz\/en\/wp-json\/wp\/v2\/types\/product"}],"wp:featuredmedia":[{"embeddable":true,"href":"https:\/\/nd.gaz69.cz\/en\/wp-json\/wp\/v2\/media\/4314"}],"wp:attachment":[{"href":"https:\/\/nd.gaz69.cz\/en\/wp-json\/wp\/v2\/media?parent=3172"}],"wp:term":[{"taxonomy":"product_brand","embeddable":true,"href":"https:\/\/nd.gaz69.cz\/en\/wp-json\/wp\/v2\/product_brand?post=3172"},{"taxonomy":"product_cat","embeddable":true,"href":"https:\/\/nd.gaz69.cz\/en\/wp-json\/wp\/v2\/product_cat?post=3172"},{"taxonomy":"product_tag","embeddable":true,"href":"https:\/\/nd.gaz69.cz\/en\/wp-json\/wp\/v2\/product_tag?post=3172"}],"curies":[{"name":"wp","href":"https:\/\/api.w.org\/{rel}","templated":true}]}}