{"id":3158,"date":"2025-03-11T18:35:59","date_gmt":"2025-03-11T17:35:59","guid":{"rendered":"https:\/\/nd.gaz69.cz\/?post_type=product&#038;p=3158"},"modified":"2025-03-11T18:36:00","modified_gmt":"2025-03-11T17:36:00","slug":"koncovka-trubkove-konstrukce-pod-plachtu","status":"publish","type":"product","link":"https:\/\/nd.gaz69.cz\/en\/produkt\/koncovka-trubkove-konstrukce-pod-plachtu\/","title":{"rendered":"Koncovka trubkov\u00e9 konstrukce pod plachtu"},"content":{"rendered":"<p>Analog. Nov\u00e1.<\/p>\n<p><strong>Gumov\u00e9 dorazy trubkov\u00e9 konstrukce, lze zakoupit v kategorii ,, Gumov\u00e9 \u010d\u00e1st &#8211; t\u011bsn\u011bn\u00ed &#8211; silnetbloky &#8222;<\/strong><\/p>\n<h1 class=\"woocommerce-products-header__title page-title\"><\/h1>\n","protected":false},"excerpt":{"rendered":"<p>Analog. Nov\u00e1. Gumov\u00e9 dorazy trubkov\u00e9 konstrukce, lze zakoupit v kategorii ,, Gumov\u00e9 \u010d\u00e1st &#8211; t\u011bsn\u011bn\u00ed &#8211; silnetbloky &#8222;<\/p>\n","protected":false},"featured_media":3161,"template":"","meta":[],"product_brand":[],"product_cat":[27],"product_tag":[],"class_list":{"0":"post-3158","1":"product","2":"type-product","3":"status-publish","4":"has-post-thumbnail","6":"product_cat-karoserie","8":"first","9":"instock","10":"shipping-taxable","11":"purchasable","12":"product-type-simple"},"_links":{"self":[{"href":"https:\/\/nd.gaz69.cz\/en\/wp-json\/wp\/v2\/product\/3158","targetHints":{"allow":["GET"]}}],"collection":[{"href":"https:\/\/nd.gaz69.cz\/en\/wp-json\/wp\/v2\/product"}],"about":[{"href":"https:\/\/nd.gaz69.cz\/en\/wp-json\/wp\/v2\/types\/product"}],"wp:featuredmedia":[{"embeddable":true,"href":"https:\/\/nd.gaz69.cz\/en\/wp-json\/wp\/v2\/media\/3161"}],"wp:attachment":[{"href":"https:\/\/nd.gaz69.cz\/en\/wp-json\/wp\/v2\/media?parent=3158"}],"wp:term":[{"taxonomy":"product_brand","embeddable":true,"href":"https:\/\/nd.gaz69.cz\/en\/wp-json\/wp\/v2\/product_brand?post=3158"},{"taxonomy":"product_cat","embeddable":true,"href":"https:\/\/nd.gaz69.cz\/en\/wp-json\/wp\/v2\/product_cat?post=3158"},{"taxonomy":"product_tag","embeddable":true,"href":"https:\/\/nd.gaz69.cz\/en\/wp-json\/wp\/v2\/product_tag?post=3158"}],"curies":[{"name":"wp","href":"https:\/\/api.w.org\/{rel}","templated":true}]}}