{"id":3125,"date":"2026-01-28T14:11:12","date_gmt":"2026-01-28T13:11:12","guid":{"rendered":"https:\/\/nd.gaz69.cz\/?post_type=product&#038;p=3125"},"modified":"2026-01-28T14:11:48","modified_gmt":"2026-01-28T13:11:48","slug":"hlavni-nadrz-paliva-gaz-69-gaz-69m","status":"publish","type":"product","link":"https:\/\/nd.gaz69.cz\/en\/produkt\/hlavni-nadrz-paliva-gaz-69-gaz-69m\/","title":{"rendered":"Hlavn\u00ed n\u00e1dr\u017e paliva &#8211; Gaz 69 &#8211; Gaz 69M"},"content":{"rendered":"<p><strong>NA OBJEDN\u00c1VKU.<\/strong><\/p>\n<p><strong>V p\u0159\u00edpad\u011b z\u00e1jmu, vlo\u017ete n\u00e1dr\u017e do ko\u0161\u00edku. Dod\u00e1n\u00ed do 14 dn\u016f.<\/strong><\/p>\n<p>Novov\u00fdroba dle origin\u00e1lu.<\/p>\n<p>N\u00e1dr\u017e je vyrobena z nerezov\u00e9 oceli.<\/p>\n<p>Speci\u00e1ln\u00ed n\u00e1st\u0159\u0159ik zakladn\u00ed i vrchn\u00ed barvou na nerez ocel.<\/p>\n<p>Objem nadr\u017ee 58 l.<\/p>\n<p>Profesion\u00e1ln\u00ed zpracov\u00e1n\u00ed.<\/p>\n<p>Do\u017eivotn\u00ed z\u00e1ruka.<\/p>\n<p><strong>Vzhledem k velikosti a v\u00e1ze, je doprava nadr\u017ee mo\u017en\u00e1 pouze cestou PPL:<\/strong><\/p>\n<p>&#8211; <strong>doprava n\u00e1dr\u017ee do \u010cR &#8211; 400,- K\u010d<\/strong><\/p>\n<p>&#8211;<strong> doprava n\u00e1dr\u017ee do SK &#8211; 750,- K\u010d<\/strong><\/p>\n<p>&#8211;<strong> doprava n\u00e1dr\u017ee do ostatn\u00edch zem\u00ed, bude spo\u010d\u00edt\u00e1na individu\u00e1ln\u011b dle c\u00edlove zem\u011b<\/strong><\/p>\n","protected":false},"excerpt":{"rendered":"<p>NA OBJEDN\u00c1VKU. V p\u0159\u00edpad\u011b z\u00e1jmu, vlo\u017ete n\u00e1dr\u017e do ko\u0161\u00edku. Dod\u00e1n\u00ed do 14 dn\u016f. Novov\u00fdroba dle origin\u00e1lu. N\u00e1dr\u017e je vyrobena z nerezov\u00e9 oceli. Speci\u00e1ln\u00ed n\u00e1st\u0159\u0159ik zakladn\u00ed i vrchn\u00ed barvou na nerez ocel. Objem nadr\u017ee 58 l. Profesion\u00e1ln\u00ed zpracov\u00e1n\u00ed. Do\u017eivotn\u00ed z\u00e1ruka. Vzhledem k velikosti a v\u00e1ze, je doprava nadr\u017ee mo\u017en\u00e1 pouze cestou PPL: &#8211; doprava n\u00e1dr\u017ee do [&hellip;]<\/p>\n","protected":false},"featured_media":3126,"template":"","meta":[],"product_brand":[],"product_cat":[47],"product_tag":[],"class_list":{"0":"post-3125","1":"product","2":"type-product","3":"status-publish","4":"has-post-thumbnail","6":"product_cat-system_paliva","8":"first","9":"instock","10":"shipping-taxable","11":"purchasable","12":"product-type-simple"},"_links":{"self":[{"href":"https:\/\/nd.gaz69.cz\/en\/wp-json\/wp\/v2\/product\/3125","targetHints":{"allow":["GET"]}}],"collection":[{"href":"https:\/\/nd.gaz69.cz\/en\/wp-json\/wp\/v2\/product"}],"about":[{"href":"https:\/\/nd.gaz69.cz\/en\/wp-json\/wp\/v2\/types\/product"}],"wp:featuredmedia":[{"embeddable":true,"href":"https:\/\/nd.gaz69.cz\/en\/wp-json\/wp\/v2\/media\/3126"}],"wp:attachment":[{"href":"https:\/\/nd.gaz69.cz\/en\/wp-json\/wp\/v2\/media?parent=3125"}],"wp:term":[{"taxonomy":"product_brand","embeddable":true,"href":"https:\/\/nd.gaz69.cz\/en\/wp-json\/wp\/v2\/product_brand?post=3125"},{"taxonomy":"product_cat","embeddable":true,"href":"https:\/\/nd.gaz69.cz\/en\/wp-json\/wp\/v2\/product_cat?post=3125"},{"taxonomy":"product_tag","embeddable":true,"href":"https:\/\/nd.gaz69.cz\/en\/wp-json\/wp\/v2\/product_tag?post=3125"}],"curies":[{"name":"wp","href":"https:\/\/api.w.org\/{rel}","templated":true}]}}