{"id":3113,"date":"2025-03-02T11:45:58","date_gmt":"2025-03-02T10:45:58","guid":{"rendered":"https:\/\/nd.gaz69.cz\/?post_type=product&#038;p=3113"},"modified":"2025-03-02T11:47:31","modified_gmt":"2025-03-02T10:47:31","slug":"podlaha-zadni-korby-gaz-69-gaz-69-m","status":"publish","type":"product","link":"https:\/\/nd.gaz69.cz\/en\/produkt\/podlaha-zadni-korby-gaz-69-gaz-69-m\/","title":{"rendered":"Podlaha zadn\u00ed korby &#8211; Gaz 69 &#8211; Gaz 69 M"},"content":{"rendered":"<p>Analog. Nov\u00e1.<\/p>\n<p><strong>Vzhledem k rozm\u011br\u016fm podlahy, je cena dopravy 490,- K\u010d.<\/strong><\/p>\n","protected":false},"excerpt":{"rendered":"<p>Analog. Nov\u00e1. Vzhledem k rozm\u011br\u016fm podlahy, je cena dopravy 490,- K\u010d.<\/p>\n","protected":false},"featured_media":3114,"template":"","meta":[],"product_brand":[],"product_cat":[27],"product_tag":[],"class_list":{"0":"post-3113","1":"product","2":"type-product","3":"status-publish","4":"has-post-thumbnail","6":"product_cat-karoserie","8":"first","9":"instock","10":"shipping-taxable","11":"purchasable","12":"product-type-simple"},"_links":{"self":[{"href":"https:\/\/nd.gaz69.cz\/en\/wp-json\/wp\/v2\/product\/3113","targetHints":{"allow":["GET"]}}],"collection":[{"href":"https:\/\/nd.gaz69.cz\/en\/wp-json\/wp\/v2\/product"}],"about":[{"href":"https:\/\/nd.gaz69.cz\/en\/wp-json\/wp\/v2\/types\/product"}],"wp:featuredmedia":[{"embeddable":true,"href":"https:\/\/nd.gaz69.cz\/en\/wp-json\/wp\/v2\/media\/3114"}],"wp:attachment":[{"href":"https:\/\/nd.gaz69.cz\/en\/wp-json\/wp\/v2\/media?parent=3113"}],"wp:term":[{"taxonomy":"product_brand","embeddable":true,"href":"https:\/\/nd.gaz69.cz\/en\/wp-json\/wp\/v2\/product_brand?post=3113"},{"taxonomy":"product_cat","embeddable":true,"href":"https:\/\/nd.gaz69.cz\/en\/wp-json\/wp\/v2\/product_cat?post=3113"},{"taxonomy":"product_tag","embeddable":true,"href":"https:\/\/nd.gaz69.cz\/en\/wp-json\/wp\/v2\/product_tag?post=3113"}],"curies":[{"name":"wp","href":"https:\/\/api.w.org\/{rel}","templated":true}]}}