{"id":3095,"date":"2025-03-02T11:06:14","date_gmt":"2025-03-02T10:06:14","guid":{"rendered":"https:\/\/nd.gaz69.cz\/?post_type=product&#038;p=3095"},"modified":"2025-03-02T11:49:35","modified_gmt":"2025-03-02T10:49:35","slug":"vyztuha-zadni-korby-c-1","status":"publish","type":"product","link":"https:\/\/nd.gaz69.cz\/en\/produkt\/vyztuha-zadni-korby-c-1\/","title":{"rendered":"Nosn\u00edk zadn\u00ed korby \u010d. 1 &#8211; Gaz 69 &#8211; Gaz 69 M"},"content":{"rendered":"<p>Analog. Nov\u00fd.<\/p>\n","protected":false},"excerpt":{"rendered":"<p>Analog. Nov\u00fd.<\/p>\n","protected":false},"featured_media":3096,"template":"","meta":[],"product_brand":[],"product_cat":[27],"product_tag":[],"class_list":{"0":"post-3095","1":"product","2":"type-product","3":"status-publish","4":"has-post-thumbnail","6":"product_cat-karoserie","8":"first","9":"instock","10":"shipping-taxable","11":"purchasable","12":"product-type-simple"},"_links":{"self":[{"href":"https:\/\/nd.gaz69.cz\/en\/wp-json\/wp\/v2\/product\/3095","targetHints":{"allow":["GET"]}}],"collection":[{"href":"https:\/\/nd.gaz69.cz\/en\/wp-json\/wp\/v2\/product"}],"about":[{"href":"https:\/\/nd.gaz69.cz\/en\/wp-json\/wp\/v2\/types\/product"}],"wp:featuredmedia":[{"embeddable":true,"href":"https:\/\/nd.gaz69.cz\/en\/wp-json\/wp\/v2\/media\/3096"}],"wp:attachment":[{"href":"https:\/\/nd.gaz69.cz\/en\/wp-json\/wp\/v2\/media?parent=3095"}],"wp:term":[{"taxonomy":"product_brand","embeddable":true,"href":"https:\/\/nd.gaz69.cz\/en\/wp-json\/wp\/v2\/product_brand?post=3095"},{"taxonomy":"product_cat","embeddable":true,"href":"https:\/\/nd.gaz69.cz\/en\/wp-json\/wp\/v2\/product_cat?post=3095"},{"taxonomy":"product_tag","embeddable":true,"href":"https:\/\/nd.gaz69.cz\/en\/wp-json\/wp\/v2\/product_tag?post=3095"}],"curies":[{"name":"wp","href":"https:\/\/api.w.org\/{rel}","templated":true}]}}