{"id":3042,"date":"2024-06-12T19:48:36","date_gmt":"2024-06-12T17:48:36","guid":{"rendered":"https:\/\/nd.gaz69.cz\/?post_type=product&#038;p=3042"},"modified":"2025-08-29T15:30:54","modified_gmt":"2025-08-29T13:30:54","slug":"opravna-sada-brzdoveho-valecku-32-mm","status":"publish","type":"product","link":"https:\/\/nd.gaz69.cz\/en\/produkt\/opravna-sada-brzdoveho-valecku-32-mm\/","title":{"rendered":"Opravn\u00e1 sada brzdov\u00e9ho v\u00e1le\u010dku 32 mm"},"content":{"rendered":"<p>Analog. Nov\u00e1.<\/p>\n<p><strong>DOPORU\u010cEN\u00cd : POU\u017d\u00cdVEJTE V\u00ddHRADN\u011a \u010cERVENOU NEBO SILIKONOVOU BRZDOVOU KAPALINU .<\/strong><\/p>\n","protected":false},"excerpt":{"rendered":"<p>Analog. Nov\u00e1. DOPORU\u010cEN\u00cd : POU\u017d\u00cdVEJTE V\u00ddHRADN\u011a \u010cERVENOU NEBO SILIKONOVOU BRZDOVOU KAPALINU .<\/p>\n","protected":false},"featured_media":3043,"template":"","meta":[],"product_brand":[],"product_cat":[29],"product_tag":[],"class_list":{"0":"post-3042","1":"product","2":"type-product","3":"status-publish","4":"has-post-thumbnail","6":"product_cat-brzdovy_system","8":"first","9":"instock","10":"shipping-taxable","11":"purchasable","12":"product-type-simple"},"_links":{"self":[{"href":"https:\/\/nd.gaz69.cz\/en\/wp-json\/wp\/v2\/product\/3042","targetHints":{"allow":["GET"]}}],"collection":[{"href":"https:\/\/nd.gaz69.cz\/en\/wp-json\/wp\/v2\/product"}],"about":[{"href":"https:\/\/nd.gaz69.cz\/en\/wp-json\/wp\/v2\/types\/product"}],"wp:featuredmedia":[{"embeddable":true,"href":"https:\/\/nd.gaz69.cz\/en\/wp-json\/wp\/v2\/media\/3043"}],"wp:attachment":[{"href":"https:\/\/nd.gaz69.cz\/en\/wp-json\/wp\/v2\/media?parent=3042"}],"wp:term":[{"taxonomy":"product_brand","embeddable":true,"href":"https:\/\/nd.gaz69.cz\/en\/wp-json\/wp\/v2\/product_brand?post=3042"},{"taxonomy":"product_cat","embeddable":true,"href":"https:\/\/nd.gaz69.cz\/en\/wp-json\/wp\/v2\/product_cat?post=3042"},{"taxonomy":"product_tag","embeddable":true,"href":"https:\/\/nd.gaz69.cz\/en\/wp-json\/wp\/v2\/product_tag?post=3042"}],"curies":[{"name":"wp","href":"https:\/\/api.w.org\/{rel}","templated":true}]}}