{"id":3026,"date":"2025-02-19T15:39:29","date_gmt":"2025-02-19T14:39:29","guid":{"rendered":"https:\/\/nd.gaz69.cz\/?post_type=product&#038;p=3026"},"modified":"2025-02-19T15:39:29","modified_gmt":"2025-02-19T14:39:29","slug":"trmen-zadniho-pera","status":"publish","type":"product","link":"https:\/\/nd.gaz69.cz\/en\/produkt\/trmen-zadniho-pera\/","title":{"rendered":"T\u0159men zadn\u00edho pera"},"content":{"rendered":"<p>Analog. Nov\u00fd.<\/p>\n","protected":false},"excerpt":{"rendered":"<p>Analog. Nov\u00fd.<\/p>\n","protected":false},"featured_media":3033,"template":"","meta":[],"product_brand":[],"product_cat":[28],"product_tag":[],"class_list":{"0":"post-3026","1":"product","2":"type-product","3":"status-publish","4":"has-post-thumbnail","6":"product_cat-podvozek","8":"first","9":"instock","10":"shipping-taxable","11":"purchasable","12":"product-type-simple"},"_links":{"self":[{"href":"https:\/\/nd.gaz69.cz\/en\/wp-json\/wp\/v2\/product\/3026","targetHints":{"allow":["GET"]}}],"collection":[{"href":"https:\/\/nd.gaz69.cz\/en\/wp-json\/wp\/v2\/product"}],"about":[{"href":"https:\/\/nd.gaz69.cz\/en\/wp-json\/wp\/v2\/types\/product"}],"wp:featuredmedia":[{"embeddable":true,"href":"https:\/\/nd.gaz69.cz\/en\/wp-json\/wp\/v2\/media\/3033"}],"wp:attachment":[{"href":"https:\/\/nd.gaz69.cz\/en\/wp-json\/wp\/v2\/media?parent=3026"}],"wp:term":[{"taxonomy":"product_brand","embeddable":true,"href":"https:\/\/nd.gaz69.cz\/en\/wp-json\/wp\/v2\/product_brand?post=3026"},{"taxonomy":"product_cat","embeddable":true,"href":"https:\/\/nd.gaz69.cz\/en\/wp-json\/wp\/v2\/product_cat?post=3026"},{"taxonomy":"product_tag","embeddable":true,"href":"https:\/\/nd.gaz69.cz\/en\/wp-json\/wp\/v2\/product_tag?post=3026"}],"curies":[{"name":"wp","href":"https:\/\/api.w.org\/{rel}","templated":true}]}}