{"id":2986,"date":"2025-02-16T08:56:50","date_gmt":"2025-02-16T07:56:50","guid":{"rendered":"https:\/\/nd.gaz69.cz\/?post_type=product&#038;p=2986"},"modified":"2025-02-16T08:56:51","modified_gmt":"2025-02-16T07:56:51","slug":"uzaverka-plniciho-a-vypustneho-otvoru-skrine-rozvodovky-predni-a-zadni-napravy","status":"publish","type":"product","link":"https:\/\/nd.gaz69.cz\/en\/produkt\/uzaverka-plniciho-a-vypustneho-otvoru-skrine-rozvodovky-predni-a-zadni-napravy\/","title":{"rendered":"Uz\u00e1v\u011brka pln\u00edc\u00edho a v\u00fdpustn\u00e9ho otvoru sk\u0159\u00edn\u011b rozvodovky p\u0159edn\u00ed a zadn\u00ed n\u00e1pravy"},"content":{"rendered":"<p>Analog. Nov\u00e1.<\/p>\n","protected":false},"excerpt":{"rendered":"<p>Analog. Nov\u00e1.<\/p>\n","protected":false},"featured_media":2987,"template":"","meta":[],"product_brand":[],"product_cat":[28],"product_tag":[],"class_list":{"0":"post-2986","1":"product","2":"type-product","3":"status-publish","4":"has-post-thumbnail","6":"product_cat-podvozek","8":"first","9":"instock","10":"shipping-taxable","11":"purchasable","12":"product-type-simple"},"_links":{"self":[{"href":"https:\/\/nd.gaz69.cz\/en\/wp-json\/wp\/v2\/product\/2986","targetHints":{"allow":["GET"]}}],"collection":[{"href":"https:\/\/nd.gaz69.cz\/en\/wp-json\/wp\/v2\/product"}],"about":[{"href":"https:\/\/nd.gaz69.cz\/en\/wp-json\/wp\/v2\/types\/product"}],"wp:featuredmedia":[{"embeddable":true,"href":"https:\/\/nd.gaz69.cz\/en\/wp-json\/wp\/v2\/media\/2987"}],"wp:attachment":[{"href":"https:\/\/nd.gaz69.cz\/en\/wp-json\/wp\/v2\/media?parent=2986"}],"wp:term":[{"taxonomy":"product_brand","embeddable":true,"href":"https:\/\/nd.gaz69.cz\/en\/wp-json\/wp\/v2\/product_brand?post=2986"},{"taxonomy":"product_cat","embeddable":true,"href":"https:\/\/nd.gaz69.cz\/en\/wp-json\/wp\/v2\/product_cat?post=2986"},{"taxonomy":"product_tag","embeddable":true,"href":"https:\/\/nd.gaz69.cz\/en\/wp-json\/wp\/v2\/product_tag?post=2986"}],"curies":[{"name":"wp","href":"https:\/\/api.w.org\/{rel}","templated":true}]}}