{"id":2966,"date":"2024-03-29T17:06:15","date_gmt":"2024-03-29T16:06:15","guid":{"rendered":"https:\/\/nd.gaz69.cz\/?post_type=product&#038;p=2966"},"modified":"2025-10-07T15:59:54","modified_gmt":"2025-10-07T13:59:54","slug":"narazka-oblouku-plachty-na-obloucich-a-narazka-zadniho-oblouku-plachty-gaz-69a","status":"publish","type":"product","link":"https:\/\/nd.gaz69.cz\/en\/produkt\/narazka-oblouku-plachty-na-obloucich-a-narazka-zadniho-oblouku-plachty-gaz-69a\/","title":{"rendered":"Nar\u00e1\u017eka oblouk\u016f plachty na oblouc\u00edch a nar\u00e1\u017eka zadn\u00edho oblouku plachty &#8211; GAZ 69A &#8211; ORIGIN\u00c1L !"},"content":{"rendered":"<p>Origin\u00e1l. Nov\u00e1.<\/p>\n<p>Oblouky plachty ( 4 ks ) .<\/p>\n<p>Zadn\u00ed oblouk ( 2 ks ) .<\/p>\n<p><strong>Cena je uvedena za 1 ks.<\/strong><\/p>\n","protected":false},"excerpt":{"rendered":"<p>Origin\u00e1l. Nov\u00e1. Oblouky plachty ( 4 ks ) . Zadn\u00ed oblouk ( 2 ks ) . Cena je uvedena za 1 ks.<\/p>\n","protected":false},"featured_media":2970,"template":"","meta":[],"product_brand":[],"product_cat":[45,48],"product_tag":[],"class_list":{"0":"post-2966","1":"product","2":"type-product","3":"status-publish","4":"has-post-thumbnail","6":"product_cat-casti_kabiny","7":"product_cat-gumove_casti_tesneni_silentbloky","9":"first","10":"instock","11":"shipping-taxable","12":"purchasable","13":"product-type-simple"},"_links":{"self":[{"href":"https:\/\/nd.gaz69.cz\/en\/wp-json\/wp\/v2\/product\/2966","targetHints":{"allow":["GET"]}}],"collection":[{"href":"https:\/\/nd.gaz69.cz\/en\/wp-json\/wp\/v2\/product"}],"about":[{"href":"https:\/\/nd.gaz69.cz\/en\/wp-json\/wp\/v2\/types\/product"}],"wp:featuredmedia":[{"embeddable":true,"href":"https:\/\/nd.gaz69.cz\/en\/wp-json\/wp\/v2\/media\/2970"}],"wp:attachment":[{"href":"https:\/\/nd.gaz69.cz\/en\/wp-json\/wp\/v2\/media?parent=2966"}],"wp:term":[{"taxonomy":"product_brand","embeddable":true,"href":"https:\/\/nd.gaz69.cz\/en\/wp-json\/wp\/v2\/product_brand?post=2966"},{"taxonomy":"product_cat","embeddable":true,"href":"https:\/\/nd.gaz69.cz\/en\/wp-json\/wp\/v2\/product_cat?post=2966"},{"taxonomy":"product_tag","embeddable":true,"href":"https:\/\/nd.gaz69.cz\/en\/wp-json\/wp\/v2\/product_tag?post=2966"}],"curies":[{"name":"wp","href":"https:\/\/api.w.org\/{rel}","templated":true}]}}