{"id":2941,"date":"2025-02-14T18:34:09","date_gmt":"2025-02-14T17:34:09","guid":{"rendered":"https:\/\/nd.gaz69.cz\/?post_type=product&#038;p=2941"},"modified":"2025-03-13T17:38:05","modified_gmt":"2025-03-13T16:38:05","slug":"privodni-trubka-topeni","status":"publish","type":"product","link":"https:\/\/nd.gaz69.cz\/en\/produkt\/privodni-trubka-topeni\/","title":{"rendered":"P\u0159\u00edvodn\u00ed trubka topen\u00ed"},"content":{"rendered":"<p>Analog. Nov\u00e1.<\/p>\n<p>Vyrobeno dle origin\u00e1lu.<\/p>\n","protected":false},"excerpt":{"rendered":"<p>Analog. Nov\u00e1. Vyrobeno dle origin\u00e1lu.<\/p>\n","protected":false},"featured_media":3206,"template":"","meta":[],"product_brand":[],"product_cat":[44],"product_tag":[],"class_list":{"0":"post-2941","1":"product","2":"type-product","3":"status-publish","4":"has-post-thumbnail","6":"product_cat-sytem_chlazeni_topeni","8":"first","9":"instock","10":"shipping-taxable","11":"purchasable","12":"product-type-simple"},"_links":{"self":[{"href":"https:\/\/nd.gaz69.cz\/en\/wp-json\/wp\/v2\/product\/2941","targetHints":{"allow":["GET"]}}],"collection":[{"href":"https:\/\/nd.gaz69.cz\/en\/wp-json\/wp\/v2\/product"}],"about":[{"href":"https:\/\/nd.gaz69.cz\/en\/wp-json\/wp\/v2\/types\/product"}],"wp:featuredmedia":[{"embeddable":true,"href":"https:\/\/nd.gaz69.cz\/en\/wp-json\/wp\/v2\/media\/3206"}],"wp:attachment":[{"href":"https:\/\/nd.gaz69.cz\/en\/wp-json\/wp\/v2\/media?parent=2941"}],"wp:term":[{"taxonomy":"product_brand","embeddable":true,"href":"https:\/\/nd.gaz69.cz\/en\/wp-json\/wp\/v2\/product_brand?post=2941"},{"taxonomy":"product_cat","embeddable":true,"href":"https:\/\/nd.gaz69.cz\/en\/wp-json\/wp\/v2\/product_cat?post=2941"},{"taxonomy":"product_tag","embeddable":true,"href":"https:\/\/nd.gaz69.cz\/en\/wp-json\/wp\/v2\/product_tag?post=2941"}],"curies":[{"name":"wp","href":"https:\/\/api.w.org\/{rel}","templated":true}]}}