{"id":2934,"date":"2025-02-14T18:27:34","date_gmt":"2025-02-14T17:27:34","guid":{"rendered":"https:\/\/nd.gaz69.cz\/?post_type=product&#038;p=2934"},"modified":"2025-08-19T18:15:38","modified_gmt":"2025-08-19T16:15:38","slug":"duty-odvadeci-sroub-palivoveho-cerpadla-1-4-18","status":"publish","type":"product","link":"https:\/\/nd.gaz69.cz\/en\/produkt\/duty-odvadeci-sroub-palivoveho-cerpadla-1-4-18\/","title":{"rendered":"Dut\u00fd odv\u00e1d\u011bc\u00ed \u0161roub palivov\u00e9ho \u010derpadla 1\/4 &#8211; 18 \u2013 ORIGIN\u00c1L !"},"content":{"rendered":"<p>Origin\u00e1l. Nov\u00fd.<\/p>\n","protected":false},"excerpt":{"rendered":"<p>Origin\u00e1l. Nov\u00fd.<\/p>\n","protected":false},"featured_media":2938,"template":"","meta":[],"product_brand":[],"product_cat":[18,47,54,55,56],"product_tag":[],"class_list":{"0":"post-2934","1":"product","2":"type-product","3":"status-publish","4":"has-post-thumbnail","6":"product_cat-motor_spojka_prevodovky","7":"product_cat-system_paliva","8":"product_cat-uaz_469_uaz_452","9":"product_cat-volha_21","10":"product_cat-volha_24","12":"first","13":"instock","14":"shipping-taxable","15":"purchasable","16":"product-type-simple"},"_links":{"self":[{"href":"https:\/\/nd.gaz69.cz\/en\/wp-json\/wp\/v2\/product\/2934","targetHints":{"allow":["GET"]}}],"collection":[{"href":"https:\/\/nd.gaz69.cz\/en\/wp-json\/wp\/v2\/product"}],"about":[{"href":"https:\/\/nd.gaz69.cz\/en\/wp-json\/wp\/v2\/types\/product"}],"wp:featuredmedia":[{"embeddable":true,"href":"https:\/\/nd.gaz69.cz\/en\/wp-json\/wp\/v2\/media\/2938"}],"wp:attachment":[{"href":"https:\/\/nd.gaz69.cz\/en\/wp-json\/wp\/v2\/media?parent=2934"}],"wp:term":[{"taxonomy":"product_brand","embeddable":true,"href":"https:\/\/nd.gaz69.cz\/en\/wp-json\/wp\/v2\/product_brand?post=2934"},{"taxonomy":"product_cat","embeddable":true,"href":"https:\/\/nd.gaz69.cz\/en\/wp-json\/wp\/v2\/product_cat?post=2934"},{"taxonomy":"product_tag","embeddable":true,"href":"https:\/\/nd.gaz69.cz\/en\/wp-json\/wp\/v2\/product_tag?post=2934"}],"curies":[{"name":"wp","href":"https:\/\/api.w.org\/{rel}","templated":true}]}}