{"id":2930,"date":"2025-02-14T18:16:25","date_gmt":"2025-02-14T17:16:25","guid":{"rendered":"https:\/\/nd.gaz69.cz\/?post_type=product&#038;p=2930"},"modified":"2025-03-18T10:21:07","modified_gmt":"2025-03-18T09:21:07","slug":"zasuvka-rucni-svitilny","status":"publish","type":"product","link":"https:\/\/nd.gaz69.cz\/en\/produkt\/zasuvka-rucni-svitilny\/","title":{"rendered":"Z\u00e1str\u010dka ru\u010dn\u00ed sv\u00edtilny &#8211; ORIGIN\u00c1L !"},"content":{"rendered":"<p>Origin\u00e1l. Nov\u00e1.<\/p>\n<p>Z\u00e1suvka na foto, lze zakoupit zvl\u00e1\u0161\u0165.<\/p>\n","protected":false},"excerpt":{"rendered":"<p>Origin\u00e1l. Nov\u00e1. Z\u00e1suvka na foto, lze zakoupit zvl\u00e1\u0161\u0165.<\/p>\n","protected":false},"featured_media":2931,"template":"","meta":[],"product_brand":[],"product_cat":[45,31,33],"product_tag":[],"class_list":{"0":"post-2930","1":"product","2":"type-product","3":"status-publish","4":"has-post-thumbnail","6":"product_cat-casti_kabiny","7":"product_cat-elektricke_casti","8":"product_cat-vybava_naradi_doplnky","10":"first","11":"instock","12":"shipping-taxable","13":"purchasable","14":"product-type-simple"},"_links":{"self":[{"href":"https:\/\/nd.gaz69.cz\/en\/wp-json\/wp\/v2\/product\/2930","targetHints":{"allow":["GET"]}}],"collection":[{"href":"https:\/\/nd.gaz69.cz\/en\/wp-json\/wp\/v2\/product"}],"about":[{"href":"https:\/\/nd.gaz69.cz\/en\/wp-json\/wp\/v2\/types\/product"}],"wp:featuredmedia":[{"embeddable":true,"href":"https:\/\/nd.gaz69.cz\/en\/wp-json\/wp\/v2\/media\/2931"}],"wp:attachment":[{"href":"https:\/\/nd.gaz69.cz\/en\/wp-json\/wp\/v2\/media?parent=2930"}],"wp:term":[{"taxonomy":"product_brand","embeddable":true,"href":"https:\/\/nd.gaz69.cz\/en\/wp-json\/wp\/v2\/product_brand?post=2930"},{"taxonomy":"product_cat","embeddable":true,"href":"https:\/\/nd.gaz69.cz\/en\/wp-json\/wp\/v2\/product_cat?post=2930"},{"taxonomy":"product_tag","embeddable":true,"href":"https:\/\/nd.gaz69.cz\/en\/wp-json\/wp\/v2\/product_tag?post=2930"}],"curies":[{"name":"wp","href":"https:\/\/api.w.org\/{rel}","templated":true}]}}