{"id":293,"date":"2024-03-29T17:19:09","date_gmt":"2024-03-29T16:19:09","guid":{"rendered":"https:\/\/nd.gaz69.cz\/?post_type=product&#038;p=293"},"modified":"2025-09-20T09:06:41","modified_gmt":"2025-09-20T07:06:41","slug":"manzeta-lana-rucni-brzdy","status":"publish","type":"product","link":"https:\/\/nd.gaz69.cz\/en\/produkt\/manzeta-lana-rucni-brzdy\/","title":{"rendered":"Man\u017eeta lana ru\u010dn\u00ed brzdy"},"content":{"rendered":"<p>Origin\u00e1l. Nov\u00e1.<\/p>\n","protected":false},"excerpt":{"rendered":"<p>Origin\u00e1l. Nov\u00e1.<\/p>\n","protected":false},"featured_media":294,"template":"","meta":[],"product_brand":[],"product_cat":[48],"product_tag":[],"class_list":{"0":"post-293","1":"product","2":"type-product","3":"status-publish","4":"has-post-thumbnail","6":"product_cat-gumove_casti_tesneni_silentbloky","8":"first","9":"instock","10":"shipping-taxable","11":"purchasable","12":"product-type-simple"},"_links":{"self":[{"href":"https:\/\/nd.gaz69.cz\/en\/wp-json\/wp\/v2\/product\/293","targetHints":{"allow":["GET"]}}],"collection":[{"href":"https:\/\/nd.gaz69.cz\/en\/wp-json\/wp\/v2\/product"}],"about":[{"href":"https:\/\/nd.gaz69.cz\/en\/wp-json\/wp\/v2\/types\/product"}],"wp:featuredmedia":[{"embeddable":true,"href":"https:\/\/nd.gaz69.cz\/en\/wp-json\/wp\/v2\/media\/294"}],"wp:attachment":[{"href":"https:\/\/nd.gaz69.cz\/en\/wp-json\/wp\/v2\/media?parent=293"}],"wp:term":[{"taxonomy":"product_brand","embeddable":true,"href":"https:\/\/nd.gaz69.cz\/en\/wp-json\/wp\/v2\/product_brand?post=293"},{"taxonomy":"product_cat","embeddable":true,"href":"https:\/\/nd.gaz69.cz\/en\/wp-json\/wp\/v2\/product_cat?post=293"},{"taxonomy":"product_tag","embeddable":true,"href":"https:\/\/nd.gaz69.cz\/en\/wp-json\/wp\/v2\/product_tag?post=293"}],"curies":[{"name":"wp","href":"https:\/\/api.w.org\/{rel}","templated":true}]}}