{"id":2925,"date":"2025-02-14T18:13:36","date_gmt":"2025-02-14T17:13:36","guid":{"rendered":"https:\/\/nd.gaz69.cz\/?post_type=product&#038;p=2925"},"modified":"2025-02-14T18:13:37","modified_gmt":"2025-02-14T17:13:37","slug":"drzaky-rz","status":"publish","type":"product","link":"https:\/\/nd.gaz69.cz\/en\/produkt\/drzaky-rz\/","title":{"rendered":"Dr\u017e\u00e1ky RZ"},"content":{"rendered":"<p>Analog. Nov\u00e9.<\/p>\n<p>Vyrobeno dle origin\u00e1lu.<\/p>\n<p>Cena je uveden za 1 p\u00e1r.<\/p>\n","protected":false},"excerpt":{"rendered":"<p>Analog. Nov\u00e9. Vyrobeno dle origin\u00e1lu. Cena je uveden za 1 p\u00e1r.<\/p>\n","protected":false},"featured_media":2927,"template":"","meta":[],"product_brand":[],"product_cat":[27,33],"product_tag":[],"class_list":{"0":"post-2925","1":"product","2":"type-product","3":"status-publish","4":"has-post-thumbnail","6":"product_cat-karoserie","7":"product_cat-vybava_naradi_doplnky","9":"first","10":"instock","11":"shipping-taxable","12":"purchasable","13":"product-type-simple"},"_links":{"self":[{"href":"https:\/\/nd.gaz69.cz\/en\/wp-json\/wp\/v2\/product\/2925","targetHints":{"allow":["GET"]}}],"collection":[{"href":"https:\/\/nd.gaz69.cz\/en\/wp-json\/wp\/v2\/product"}],"about":[{"href":"https:\/\/nd.gaz69.cz\/en\/wp-json\/wp\/v2\/types\/product"}],"wp:featuredmedia":[{"embeddable":true,"href":"https:\/\/nd.gaz69.cz\/en\/wp-json\/wp\/v2\/media\/2927"}],"wp:attachment":[{"href":"https:\/\/nd.gaz69.cz\/en\/wp-json\/wp\/v2\/media?parent=2925"}],"wp:term":[{"taxonomy":"product_brand","embeddable":true,"href":"https:\/\/nd.gaz69.cz\/en\/wp-json\/wp\/v2\/product_brand?post=2925"},{"taxonomy":"product_cat","embeddable":true,"href":"https:\/\/nd.gaz69.cz\/en\/wp-json\/wp\/v2\/product_cat?post=2925"},{"taxonomy":"product_tag","embeddable":true,"href":"https:\/\/nd.gaz69.cz\/en\/wp-json\/wp\/v2\/product_tag?post=2925"}],"curies":[{"name":"wp","href":"https:\/\/api.w.org\/{rel}","templated":true}]}}