{"id":2908,"date":"2025-02-14T16:39:21","date_gmt":"2025-02-14T15:39:21","guid":{"rendered":"https:\/\/nd.gaz69.cz\/?post_type=product&#038;p=2908"},"modified":"2025-06-17T14:52:48","modified_gmt":"2025-06-17T12:52:48","slug":"rucni-lampa-c-2","status":"publish","type":"product","link":"https:\/\/nd.gaz69.cz\/en\/produkt\/rucni-lampa-c-2\/","title":{"rendered":"Ru\u010dn\u00ed lampa \u010d. 2 &#8211; ORIGIN\u00c1L !"},"content":{"rendered":"<p>Origin\u00e1l.<\/p>\n<p>Do v\u00fdbavy Gaz 69 &#8211; Gaz 69 A.<\/p>\n","protected":false},"excerpt":{"rendered":"<p>Origin\u00e1l. Do v\u00fdbavy Gaz 69 &#8211; Gaz 69 A.<\/p>\n","protected":false},"featured_media":2909,"template":"","meta":[],"product_brand":[],"product_cat":[45,31,33],"product_tag":[],"class_list":{"0":"post-2908","1":"product","2":"type-product","3":"status-publish","4":"has-post-thumbnail","6":"product_cat-casti_kabiny","7":"product_cat-elektricke_casti","8":"product_cat-vybava_naradi_doplnky","10":"first","11":"instock","12":"shipping-taxable","13":"purchasable","14":"product-type-simple"},"_links":{"self":[{"href":"https:\/\/nd.gaz69.cz\/en\/wp-json\/wp\/v2\/product\/2908","targetHints":{"allow":["GET"]}}],"collection":[{"href":"https:\/\/nd.gaz69.cz\/en\/wp-json\/wp\/v2\/product"}],"about":[{"href":"https:\/\/nd.gaz69.cz\/en\/wp-json\/wp\/v2\/types\/product"}],"wp:featuredmedia":[{"embeddable":true,"href":"https:\/\/nd.gaz69.cz\/en\/wp-json\/wp\/v2\/media\/2909"}],"wp:attachment":[{"href":"https:\/\/nd.gaz69.cz\/en\/wp-json\/wp\/v2\/media?parent=2908"}],"wp:term":[{"taxonomy":"product_brand","embeddable":true,"href":"https:\/\/nd.gaz69.cz\/en\/wp-json\/wp\/v2\/product_brand?post=2908"},{"taxonomy":"product_cat","embeddable":true,"href":"https:\/\/nd.gaz69.cz\/en\/wp-json\/wp\/v2\/product_cat?post=2908"},{"taxonomy":"product_tag","embeddable":true,"href":"https:\/\/nd.gaz69.cz\/en\/wp-json\/wp\/v2\/product_tag?post=2908"}],"curies":[{"name":"wp","href":"https:\/\/api.w.org\/{rel}","templated":true}]}}