{"id":2886,"date":"2025-02-11T21:50:59","date_gmt":"2025-02-11T20:50:59","guid":{"rendered":"https:\/\/nd.gaz69.cz\/?post_type=product&#038;p=2886"},"modified":"2025-02-12T16:48:58","modified_gmt":"2025-02-12T15:48:58","slug":"nyt-pro-upevneni-informacnich-stitku","status":"publish","type":"product","link":"https:\/\/nd.gaz69.cz\/en\/produkt\/nyt-pro-upevneni-informacnich-stitku\/","title":{"rendered":"N\u00fdt &#8211; pro upevn\u011bn\u00ed informa\u010dn\u00edch \u0161t\u00edtk\u016f"},"content":{"rendered":"<p>Analog. Nov\u00fd.<\/p>\n","protected":false},"excerpt":{"rendered":"<p>Analog. Nov\u00fd.<\/p>\n","protected":false},"featured_media":2887,"template":"","meta":[],"product_brand":[],"product_cat":[45,27,33],"product_tag":[],"class_list":{"0":"post-2886","1":"product","2":"type-product","3":"status-publish","4":"has-post-thumbnail","6":"product_cat-casti_kabiny","7":"product_cat-karoserie","8":"product_cat-vybava_naradi_doplnky","10":"first","11":"instock","12":"shipping-taxable","13":"purchasable","14":"product-type-simple"},"_links":{"self":[{"href":"https:\/\/nd.gaz69.cz\/en\/wp-json\/wp\/v2\/product\/2886","targetHints":{"allow":["GET"]}}],"collection":[{"href":"https:\/\/nd.gaz69.cz\/en\/wp-json\/wp\/v2\/product"}],"about":[{"href":"https:\/\/nd.gaz69.cz\/en\/wp-json\/wp\/v2\/types\/product"}],"wp:featuredmedia":[{"embeddable":true,"href":"https:\/\/nd.gaz69.cz\/en\/wp-json\/wp\/v2\/media\/2887"}],"wp:attachment":[{"href":"https:\/\/nd.gaz69.cz\/en\/wp-json\/wp\/v2\/media?parent=2886"}],"wp:term":[{"taxonomy":"product_brand","embeddable":true,"href":"https:\/\/nd.gaz69.cz\/en\/wp-json\/wp\/v2\/product_brand?post=2886"},{"taxonomy":"product_cat","embeddable":true,"href":"https:\/\/nd.gaz69.cz\/en\/wp-json\/wp\/v2\/product_cat?post=2886"},{"taxonomy":"product_tag","embeddable":true,"href":"https:\/\/nd.gaz69.cz\/en\/wp-json\/wp\/v2\/product_tag?post=2886"}],"curies":[{"name":"wp","href":"https:\/\/api.w.org\/{rel}","templated":true}]}}