{"id":283,"date":"2025-06-16T16:05:14","date_gmt":"2025-06-16T14:05:14","guid":{"rendered":"https:\/\/nd.gaz69.cz\/?post_type=product&#038;p=283"},"modified":"2025-07-01T15:10:49","modified_gmt":"2025-07-01T13:10:49","slug":"tesneni-plniciho-hrdla-nadrze-paliva-vnejsi","status":"publish","type":"product","link":"https:\/\/nd.gaz69.cz\/en\/produkt\/tesneni-plniciho-hrdla-nadrze-paliva-vnejsi\/","title":{"rendered":"T\u011bsn\u011bn\u00ed pln\u00edc\u00edho hrdla n\u00e1dr\u017ee paliva Gaz 69, Gaz 69A &#8211; vn\u011bj\u0161\u00ed &#8211; ORIGIN\u00c1L !"},"content":{"rendered":"<p>Origin\u00e1l. Nov\u00e9.<\/p>\n","protected":false},"excerpt":{"rendered":"<p>Origin\u00e1l. Nov\u00e9.<\/p>\n","protected":false},"featured_media":284,"template":"","meta":[],"product_brand":[],"product_cat":[48,47],"product_tag":[],"class_list":{"0":"post-283","1":"product","2":"type-product","3":"status-publish","4":"has-post-thumbnail","6":"product_cat-gumove_casti_tesneni_silentbloky","7":"product_cat-system_paliva","9":"first","10":"instock","11":"shipping-taxable","12":"purchasable","13":"product-type-simple"},"_links":{"self":[{"href":"https:\/\/nd.gaz69.cz\/en\/wp-json\/wp\/v2\/product\/283","targetHints":{"allow":["GET"]}}],"collection":[{"href":"https:\/\/nd.gaz69.cz\/en\/wp-json\/wp\/v2\/product"}],"about":[{"href":"https:\/\/nd.gaz69.cz\/en\/wp-json\/wp\/v2\/types\/product"}],"wp:featuredmedia":[{"embeddable":true,"href":"https:\/\/nd.gaz69.cz\/en\/wp-json\/wp\/v2\/media\/284"}],"wp:attachment":[{"href":"https:\/\/nd.gaz69.cz\/en\/wp-json\/wp\/v2\/media?parent=283"}],"wp:term":[{"taxonomy":"product_brand","embeddable":true,"href":"https:\/\/nd.gaz69.cz\/en\/wp-json\/wp\/v2\/product_brand?post=283"},{"taxonomy":"product_cat","embeddable":true,"href":"https:\/\/nd.gaz69.cz\/en\/wp-json\/wp\/v2\/product_cat?post=283"},{"taxonomy":"product_tag","embeddable":true,"href":"https:\/\/nd.gaz69.cz\/en\/wp-json\/wp\/v2\/product_tag?post=283"}],"curies":[{"name":"wp","href":"https:\/\/api.w.org\/{rel}","templated":true}]}}