{"id":2802,"date":"2025-01-22T17:19:22","date_gmt":"2025-01-22T16:19:22","guid":{"rendered":"https:\/\/nd.gaz69.cz\/?post_type=product&#038;p=2802"},"modified":"2025-07-15T09:17:58","modified_gmt":"2025-07-15T07:17:58","slug":"pridavna-prevodovka-pouze-na-objednavku","status":"publish","type":"product","link":"https:\/\/nd.gaz69.cz\/en\/produkt\/pridavna-prevodovka-pouze-na-objednavku\/","title":{"rendered":"P\u0159\u00eddavn\u00e1 p\u0159evodovka &#8211; POUZE NA OBJEDN\u00c1VKU &#8230;"},"content":{"rendered":"<p>Origin\u00e1l. Nov\u00e1.<\/p>\n<p><strong>V p\u0159\u00edpad\u011b Va\u0161eho z\u00e1jmu, n\u00e1s kontaktujte.<\/strong><\/p>\n<p><strong>Dodad\u00e1n\u00ed p\u0159evodovky je zpravidla do 14 dn\u016f.<\/strong><\/p>\n","protected":false},"excerpt":{"rendered":"<p>Origin\u00e1l. Nov\u00e1. V p\u0159\u00edpad\u011b Va\u0161eho z\u00e1jmu, n\u00e1s kontaktujte. Dodad\u00e1n\u00ed p\u0159evodovky je zpravidla do 14 dn\u016f.<\/p>\n","protected":false},"featured_media":2803,"template":"","meta":[],"product_brand":[],"product_cat":[18],"product_tag":[],"class_list":{"0":"post-2802","1":"product","2":"type-product","3":"status-publish","4":"has-post-thumbnail","6":"product_cat-motor_spojka_prevodovky","8":"first","9":"instock","10":"shipping-taxable","11":"purchasable","12":"product-type-simple"},"_links":{"self":[{"href":"https:\/\/nd.gaz69.cz\/en\/wp-json\/wp\/v2\/product\/2802","targetHints":{"allow":["GET"]}}],"collection":[{"href":"https:\/\/nd.gaz69.cz\/en\/wp-json\/wp\/v2\/product"}],"about":[{"href":"https:\/\/nd.gaz69.cz\/en\/wp-json\/wp\/v2\/types\/product"}],"wp:featuredmedia":[{"embeddable":true,"href":"https:\/\/nd.gaz69.cz\/en\/wp-json\/wp\/v2\/media\/2803"}],"wp:attachment":[{"href":"https:\/\/nd.gaz69.cz\/en\/wp-json\/wp\/v2\/media?parent=2802"}],"wp:term":[{"taxonomy":"product_brand","embeddable":true,"href":"https:\/\/nd.gaz69.cz\/en\/wp-json\/wp\/v2\/product_brand?post=2802"},{"taxonomy":"product_cat","embeddable":true,"href":"https:\/\/nd.gaz69.cz\/en\/wp-json\/wp\/v2\/product_cat?post=2802"},{"taxonomy":"product_tag","embeddable":true,"href":"https:\/\/nd.gaz69.cz\/en\/wp-json\/wp\/v2\/product_tag?post=2802"}],"curies":[{"name":"wp","href":"https:\/\/api.w.org\/{rel}","templated":true}]}}