{"id":2792,"date":"2025-01-22T16:59:34","date_gmt":"2025-01-22T15:59:34","guid":{"rendered":"https:\/\/nd.gaz69.cz\/?post_type=product&#038;p=2792"},"modified":"2025-07-15T09:17:22","modified_gmt":"2025-07-15T07:17:22","slug":"prevodoka","status":"publish","type":"product","link":"https:\/\/nd.gaz69.cz\/en\/produkt\/prevodoka\/","title":{"rendered":"P\u0159evodoka &#8211; POUZE NA OBJEDN\u00c1VKU"},"content":{"rendered":"<p>Origin\u00e1l. Nov\u00e1.<\/p>\n<p>V p\u0159\u00edpad\u011b Va\u0161eho z\u00e1jmu, n\u00e1s kontaktujte.<\/p>\n<p>Dod\u00e1n\u00ed trv\u00e1 p\u0159ibli\u017en\u011b 14 dn\u016f.<\/p>\n","protected":false},"excerpt":{"rendered":"<p>Origin\u00e1l. Nov\u00e1. V p\u0159\u00edpad\u011b Va\u0161eho z\u00e1jmu, n\u00e1s kontaktujte. Dod\u00e1n\u00ed trv\u00e1 p\u0159ibli\u017en\u011b 14 dn\u016f.<\/p>\n","protected":false},"featured_media":2795,"template":"","meta":[],"product_brand":[],"product_cat":[18],"product_tag":[],"class_list":{"0":"post-2792","1":"product","2":"type-product","3":"status-publish","4":"has-post-thumbnail","6":"product_cat-motor_spojka_prevodovky","8":"first","9":"instock","10":"shipping-taxable","11":"purchasable","12":"product-type-simple"},"_links":{"self":[{"href":"https:\/\/nd.gaz69.cz\/en\/wp-json\/wp\/v2\/product\/2792","targetHints":{"allow":["GET"]}}],"collection":[{"href":"https:\/\/nd.gaz69.cz\/en\/wp-json\/wp\/v2\/product"}],"about":[{"href":"https:\/\/nd.gaz69.cz\/en\/wp-json\/wp\/v2\/types\/product"}],"wp:featuredmedia":[{"embeddable":true,"href":"https:\/\/nd.gaz69.cz\/en\/wp-json\/wp\/v2\/media\/2795"}],"wp:attachment":[{"href":"https:\/\/nd.gaz69.cz\/en\/wp-json\/wp\/v2\/media?parent=2792"}],"wp:term":[{"taxonomy":"product_brand","embeddable":true,"href":"https:\/\/nd.gaz69.cz\/en\/wp-json\/wp\/v2\/product_brand?post=2792"},{"taxonomy":"product_cat","embeddable":true,"href":"https:\/\/nd.gaz69.cz\/en\/wp-json\/wp\/v2\/product_cat?post=2792"},{"taxonomy":"product_tag","embeddable":true,"href":"https:\/\/nd.gaz69.cz\/en\/wp-json\/wp\/v2\/product_tag?post=2792"}],"curies":[{"name":"wp","href":"https:\/\/api.w.org\/{rel}","templated":true}]}}