{"id":2751,"date":"2025-01-16T14:43:35","date_gmt":"2025-01-16T13:43:35","guid":{"rendered":"https:\/\/nd.gaz69.cz\/?post_type=product&#038;p=2751"},"modified":"2025-01-16T14:43:36","modified_gmt":"2025-01-16T13:43:36","slug":"tesneni-hlavni-prevodovky","status":"publish","type":"product","link":"https:\/\/nd.gaz69.cz\/en\/produkt\/tesneni-hlavni-prevodovky\/","title":{"rendered":"T\u011bsn\u011bn\u00ed hlavn\u00ed p\u0159evodovky"},"content":{"rendered":"<p>Analog. Nov\u00e9.<\/p>\n","protected":false},"excerpt":{"rendered":"<p>Analog. Nov\u00e9.<\/p>\n","protected":false},"featured_media":2753,"template":"","meta":[],"product_brand":[],"product_cat":[48,18],"product_tag":[],"class_list":{"0":"post-2751","1":"product","2":"type-product","3":"status-publish","4":"has-post-thumbnail","6":"product_cat-gumove_casti_tesneni_silentbloky","7":"product_cat-motor_spojka_prevodovky","9":"first","10":"instock","11":"shipping-taxable","12":"purchasable","13":"product-type-simple"},"_links":{"self":[{"href":"https:\/\/nd.gaz69.cz\/en\/wp-json\/wp\/v2\/product\/2751","targetHints":{"allow":["GET"]}}],"collection":[{"href":"https:\/\/nd.gaz69.cz\/en\/wp-json\/wp\/v2\/product"}],"about":[{"href":"https:\/\/nd.gaz69.cz\/en\/wp-json\/wp\/v2\/types\/product"}],"wp:featuredmedia":[{"embeddable":true,"href":"https:\/\/nd.gaz69.cz\/en\/wp-json\/wp\/v2\/media\/2753"}],"wp:attachment":[{"href":"https:\/\/nd.gaz69.cz\/en\/wp-json\/wp\/v2\/media?parent=2751"}],"wp:term":[{"taxonomy":"product_brand","embeddable":true,"href":"https:\/\/nd.gaz69.cz\/en\/wp-json\/wp\/v2\/product_brand?post=2751"},{"taxonomy":"product_cat","embeddable":true,"href":"https:\/\/nd.gaz69.cz\/en\/wp-json\/wp\/v2\/product_cat?post=2751"},{"taxonomy":"product_tag","embeddable":true,"href":"https:\/\/nd.gaz69.cz\/en\/wp-json\/wp\/v2\/product_tag?post=2751"}],"curies":[{"name":"wp","href":"https:\/\/api.w.org\/{rel}","templated":true}]}}