{"id":2698,"date":"2024-12-10T18:53:17","date_gmt":"2024-12-10T17:53:17","guid":{"rendered":"https:\/\/nd.gaz69.cz\/?post_type=product&#038;p=2698"},"modified":"2025-01-19T17:53:34","modified_gmt":"2025-01-19T16:53:34","slug":"kanystr-na-pitnou-vodu","status":"publish","type":"product","link":"https:\/\/nd.gaz69.cz\/en\/produkt\/kanystr-na-pitnou-vodu\/","title":{"rendered":"Kanystr na pitnou vodu &#8211; DO\u010cASN\u011a VYPROD\u00c1NO"},"content":{"rendered":"<p>Origin\u00e1l. Rarita !<\/p>\n<p>Nese zn\u00e1mky skladov\u00e1n\u00ed.<\/p>\n<p>Ur\u010den pro vozidla Uaz, ale vhodn\u00fd je t\u00e9\u017e do v\u00fdbavy Gaz 69.<\/p>\n","protected":false},"excerpt":{"rendered":"<p>Origin\u00e1l. Rarita ! Nese zn\u00e1mky skladov\u00e1n\u00ed. Ur\u010den pro vozidla Uaz, ale vhodn\u00fd je t\u00e9\u017e do v\u00fdbavy Gaz 69.<\/p>\n","protected":false},"featured_media":2771,"template":"","meta":[],"product_brand":[],"product_cat":[33],"product_tag":[],"class_list":{"0":"post-2698","1":"product","2":"type-product","3":"status-publish","4":"has-post-thumbnail","6":"product_cat-vybava_naradi_doplnky","8":"first","9":"instock","10":"shipping-taxable","11":"purchasable","12":"product-type-simple"},"_links":{"self":[{"href":"https:\/\/nd.gaz69.cz\/en\/wp-json\/wp\/v2\/product\/2698","targetHints":{"allow":["GET"]}}],"collection":[{"href":"https:\/\/nd.gaz69.cz\/en\/wp-json\/wp\/v2\/product"}],"about":[{"href":"https:\/\/nd.gaz69.cz\/en\/wp-json\/wp\/v2\/types\/product"}],"wp:featuredmedia":[{"embeddable":true,"href":"https:\/\/nd.gaz69.cz\/en\/wp-json\/wp\/v2\/media\/2771"}],"wp:attachment":[{"href":"https:\/\/nd.gaz69.cz\/en\/wp-json\/wp\/v2\/media?parent=2698"}],"wp:term":[{"taxonomy":"product_brand","embeddable":true,"href":"https:\/\/nd.gaz69.cz\/en\/wp-json\/wp\/v2\/product_brand?post=2698"},{"taxonomy":"product_cat","embeddable":true,"href":"https:\/\/nd.gaz69.cz\/en\/wp-json\/wp\/v2\/product_cat?post=2698"},{"taxonomy":"product_tag","embeddable":true,"href":"https:\/\/nd.gaz69.cz\/en\/wp-json\/wp\/v2\/product_tag?post=2698"}],"curies":[{"name":"wp","href":"https:\/\/api.w.org\/{rel}","templated":true}]}}