{"id":2630,"date":"2024-11-19T13:36:50","date_gmt":"2024-11-19T12:36:50","guid":{"rendered":"https:\/\/nd.gaz69.cz\/?post_type=product&#038;p=2630"},"modified":"2025-08-26T16:26:28","modified_gmt":"2025-08-26T14:26:28","slug":"zpetna-zrcatka","status":"publish","type":"product","link":"https:\/\/nd.gaz69.cz\/en\/produkt\/zpetna-zrcatka\/","title":{"rendered":"Zp\u011btn\u00e1 zrc\u00e1tka &#8211; ORIGIN\u00c1L !"},"content":{"rendered":"<p>Origin\u00e1l SSSR. Nov\u00e9.<\/p>\n<p>Zrc\u00e1tka jsou ur\u010dena na vozidlo Uaz do roku 1980, ale lze je pou\u017e\u00edt jako alternativa pro Gaz 69.<\/p>\n<p><strong>Cena je uvedena za 1 p\u00e1r.<\/strong><\/p>\n","protected":false},"excerpt":{"rendered":"<p>Origin\u00e1l SSSR. Nov\u00e9. Zrc\u00e1tka jsou ur\u010dena na vozidlo Uaz do roku 1980, ale lze je pou\u017e\u00edt jako alternativa pro Gaz 69. Cena je uvedena za 1 p\u00e1r.<\/p>\n","protected":false},"featured_media":3590,"template":"","meta":[],"product_brand":[],"product_cat":[27,54,57],"product_tag":[],"class_list":{"0":"post-2630","1":"product","2":"type-product","3":"status-publish","4":"has-post-thumbnail","6":"product_cat-karoserie","7":"product_cat-uaz_469_uaz_452","8":"product_cat-aro_m461","10":"first","11":"instock","12":"shipping-taxable","13":"purchasable","14":"product-type-simple"},"_links":{"self":[{"href":"https:\/\/nd.gaz69.cz\/en\/wp-json\/wp\/v2\/product\/2630","targetHints":{"allow":["GET"]}}],"collection":[{"href":"https:\/\/nd.gaz69.cz\/en\/wp-json\/wp\/v2\/product"}],"about":[{"href":"https:\/\/nd.gaz69.cz\/en\/wp-json\/wp\/v2\/types\/product"}],"wp:featuredmedia":[{"embeddable":true,"href":"https:\/\/nd.gaz69.cz\/en\/wp-json\/wp\/v2\/media\/3590"}],"wp:attachment":[{"href":"https:\/\/nd.gaz69.cz\/en\/wp-json\/wp\/v2\/media?parent=2630"}],"wp:term":[{"taxonomy":"product_brand","embeddable":true,"href":"https:\/\/nd.gaz69.cz\/en\/wp-json\/wp\/v2\/product_brand?post=2630"},{"taxonomy":"product_cat","embeddable":true,"href":"https:\/\/nd.gaz69.cz\/en\/wp-json\/wp\/v2\/product_cat?post=2630"},{"taxonomy":"product_tag","embeddable":true,"href":"https:\/\/nd.gaz69.cz\/en\/wp-json\/wp\/v2\/product_tag?post=2630"}],"curies":[{"name":"wp","href":"https:\/\/api.w.org\/{rel}","templated":true}]}}