{"id":261,"date":"2024-03-29T10:59:45","date_gmt":"2024-03-29T09:59:45","guid":{"rendered":"https:\/\/nd.gaz69.cz\/?post_type=product&#038;p=261"},"modified":"2026-02-28T09:16:54","modified_gmt":"2026-02-28T08:16:54","slug":"cep-rizeni-pravy","status":"publish","type":"product","link":"https:\/\/nd.gaz69.cz\/en\/produkt\/cep-rizeni-pravy\/","title":{"rendered":"\u010cep \u0159\u00edzen\u00ed &#8211; prav\u00fd"},"content":{"rendered":"<p>Analog. Nov\u00fd.<\/p>\n<p>Prav\u00fd z\u00e1vit.<\/p>\n","protected":false},"excerpt":{"rendered":"<p>Analog. Nov\u00fd. Prav\u00fd z\u00e1vit.<\/p>\n","protected":false},"featured_media":262,"template":"","meta":[],"product_brand":[],"product_cat":[28,54,57],"product_tag":[],"class_list":{"0":"post-261","1":"product","2":"type-product","3":"status-publish","4":"has-post-thumbnail","6":"product_cat-podvozek","7":"product_cat-uaz_469_uaz_452","8":"product_cat-aro_m461","10":"first","11":"instock","12":"shipping-taxable","13":"purchasable","14":"product-type-simple"},"_links":{"self":[{"href":"https:\/\/nd.gaz69.cz\/en\/wp-json\/wp\/v2\/product\/261","targetHints":{"allow":["GET"]}}],"collection":[{"href":"https:\/\/nd.gaz69.cz\/en\/wp-json\/wp\/v2\/product"}],"about":[{"href":"https:\/\/nd.gaz69.cz\/en\/wp-json\/wp\/v2\/types\/product"}],"wp:featuredmedia":[{"embeddable":true,"href":"https:\/\/nd.gaz69.cz\/en\/wp-json\/wp\/v2\/media\/262"}],"wp:attachment":[{"href":"https:\/\/nd.gaz69.cz\/en\/wp-json\/wp\/v2\/media?parent=261"}],"wp:term":[{"taxonomy":"product_brand","embeddable":true,"href":"https:\/\/nd.gaz69.cz\/en\/wp-json\/wp\/v2\/product_brand?post=261"},{"taxonomy":"product_cat","embeddable":true,"href":"https:\/\/nd.gaz69.cz\/en\/wp-json\/wp\/v2\/product_cat?post=261"},{"taxonomy":"product_tag","embeddable":true,"href":"https:\/\/nd.gaz69.cz\/en\/wp-json\/wp\/v2\/product_tag?post=261"}],"curies":[{"name":"wp","href":"https:\/\/api.w.org\/{rel}","templated":true}]}}