{"id":2584,"date":"2024-11-11T08:50:50","date_gmt":"2024-11-11T07:50:50","guid":{"rendered":"https:\/\/nd.gaz69.cz\/?post_type=product&#038;p=2584"},"modified":"2025-08-29T15:25:28","modified_gmt":"2025-08-29T13:25:28","slug":"brzdovy-valecek-oboustranny-2","status":"publish","type":"product","link":"https:\/\/nd.gaz69.cz\/en\/produkt\/brzdovy-valecek-oboustranny-2\/","title":{"rendered":"Brzdov\u00fd v\u00e1le\u010dek &#8211; oboustrann\u00fd &#8211; ORIGIN\u00c1L !"},"content":{"rendered":"<p>Origin\u00e1l. Nov\u00fd.<\/p>\n<p>Pr\u016fm\u011br vnit\u0159n\u00edho p\u00edstu je 32 mm.<\/p>\n<p><strong>DOPORU\u010cEN\u00cd : POU\u017d\u00cdVEJTE V\u00ddHRADN\u011a \u010cERVENOU NEBO SILIKONOVOU BRZDOVOU KAPALINU .<\/strong><\/p>\n","protected":false},"excerpt":{"rendered":"<p>Origin\u00e1l. Nov\u00fd. Pr\u016fm\u011br vnit\u0159n\u00edho p\u00edstu je 32 mm. DOPORU\u010cEN\u00cd : POU\u017d\u00cdVEJTE V\u00ddHRADN\u011a \u010cERVENOU NEBO SILIKONOVOU BRZDOVOU KAPALINU .<\/p>\n","protected":false},"featured_media":2590,"template":"","meta":[],"product_brand":[],"product_cat":[29,54,57],"product_tag":[],"class_list":{"0":"post-2584","1":"product","2":"type-product","3":"status-publish","4":"has-post-thumbnail","6":"product_cat-brzdovy_system","7":"product_cat-uaz_469_uaz_452","8":"product_cat-aro_m461","10":"first","11":"instock","12":"shipping-taxable","13":"purchasable","14":"product-type-simple"},"_links":{"self":[{"href":"https:\/\/nd.gaz69.cz\/en\/wp-json\/wp\/v2\/product\/2584","targetHints":{"allow":["GET"]}}],"collection":[{"href":"https:\/\/nd.gaz69.cz\/en\/wp-json\/wp\/v2\/product"}],"about":[{"href":"https:\/\/nd.gaz69.cz\/en\/wp-json\/wp\/v2\/types\/product"}],"wp:featuredmedia":[{"embeddable":true,"href":"https:\/\/nd.gaz69.cz\/en\/wp-json\/wp\/v2\/media\/2590"}],"wp:attachment":[{"href":"https:\/\/nd.gaz69.cz\/en\/wp-json\/wp\/v2\/media?parent=2584"}],"wp:term":[{"taxonomy":"product_brand","embeddable":true,"href":"https:\/\/nd.gaz69.cz\/en\/wp-json\/wp\/v2\/product_brand?post=2584"},{"taxonomy":"product_cat","embeddable":true,"href":"https:\/\/nd.gaz69.cz\/en\/wp-json\/wp\/v2\/product_cat?post=2584"},{"taxonomy":"product_tag","embeddable":true,"href":"https:\/\/nd.gaz69.cz\/en\/wp-json\/wp\/v2\/product_tag?post=2584"}],"curies":[{"name":"wp","href":"https:\/\/api.w.org\/{rel}","templated":true}]}}