{"id":2575,"date":"2024-11-11T07:59:41","date_gmt":"2024-11-11T06:59:41","guid":{"rendered":"https:\/\/nd.gaz69.cz\/?post_type=product&#038;p=2575"},"modified":"2025-08-26T16:31:12","modified_gmt":"2025-08-26T14:31:12","slug":"opravana-sada-cepu-rizeni","status":"publish","type":"product","link":"https:\/\/nd.gaz69.cz\/en\/produkt\/opravana-sada-cepu-rizeni\/","title":{"rendered":"Opravan\u00e1 sada \u010depu \u0159\u00edzen\u00ed &#8211; ORIGIN\u00c1L"},"content":{"rendered":"<p>Origin\u00e1l. Nov\u00e1.<\/p>\n<p>Sadu je mo\u017en\u00e9 pou\u017e\u00edt pro lev\u00fd i prav\u00fd \u010dep.<\/p>\n","protected":false},"excerpt":{"rendered":"<p>Origin\u00e1l. Nov\u00e1. Sadu je mo\u017en\u00e9 pou\u017e\u00edt pro lev\u00fd i prav\u00fd \u010dep.<\/p>\n","protected":false},"featured_media":2576,"template":"","meta":[],"product_brand":[],"product_cat":[28,54,57],"product_tag":[],"class_list":{"0":"post-2575","1":"product","2":"type-product","3":"status-publish","4":"has-post-thumbnail","6":"product_cat-podvozek","7":"product_cat-uaz_469_uaz_452","8":"product_cat-aro_m461","10":"first","11":"instock","12":"shipping-taxable","13":"purchasable","14":"product-type-simple"},"_links":{"self":[{"href":"https:\/\/nd.gaz69.cz\/en\/wp-json\/wp\/v2\/product\/2575","targetHints":{"allow":["GET"]}}],"collection":[{"href":"https:\/\/nd.gaz69.cz\/en\/wp-json\/wp\/v2\/product"}],"about":[{"href":"https:\/\/nd.gaz69.cz\/en\/wp-json\/wp\/v2\/types\/product"}],"wp:featuredmedia":[{"embeddable":true,"href":"https:\/\/nd.gaz69.cz\/en\/wp-json\/wp\/v2\/media\/2576"}],"wp:attachment":[{"href":"https:\/\/nd.gaz69.cz\/en\/wp-json\/wp\/v2\/media?parent=2575"}],"wp:term":[{"taxonomy":"product_brand","embeddable":true,"href":"https:\/\/nd.gaz69.cz\/en\/wp-json\/wp\/v2\/product_brand?post=2575"},{"taxonomy":"product_cat","embeddable":true,"href":"https:\/\/nd.gaz69.cz\/en\/wp-json\/wp\/v2\/product_cat?post=2575"},{"taxonomy":"product_tag","embeddable":true,"href":"https:\/\/nd.gaz69.cz\/en\/wp-json\/wp\/v2\/product_tag?post=2575"}],"curies":[{"name":"wp","href":"https:\/\/api.w.org\/{rel}","templated":true}]}}