{"id":2563,"date":"2024-03-29T19:57:48","date_gmt":"2024-03-29T18:57:48","guid":{"rendered":"https:\/\/nd.gaz69.cz\/?post_type=product&#038;p=2563"},"modified":"2025-08-19T17:55:50","modified_gmt":"2025-08-19T15:55:50","slug":"koncovka-kabelu-s-odrusovacim-odporem-k-zapalovaci-svicce-fajfka","status":"publish","type":"product","link":"https:\/\/nd.gaz69.cz\/en\/produkt\/koncovka-kabelu-s-odrusovacim-odporem-k-zapalovaci-svicce-fajfka\/","title":{"rendered":"Koncovka kabel\u016f s odru\u0161ovac\u00edm odporem k zapalovac\u00ed sv\u00ed\u010dce &#8211; fajfka &#8211; ORIGIN\u00c1L !"},"content":{"rendered":"<p>Origin\u00e1l. Nov\u00e1.<\/p>\n","protected":false},"excerpt":{"rendered":"<p>Origin\u00e1l. Nov\u00e1.<\/p>\n","protected":false},"featured_media":2564,"template":"","meta":[],"product_brand":[],"product_cat":[31,18,54,55,56],"product_tag":[],"class_list":{"0":"post-2563","1":"product","2":"type-product","3":"status-publish","4":"has-post-thumbnail","6":"product_cat-elektricke_casti","7":"product_cat-motor_spojka_prevodovky","8":"product_cat-uaz_469_uaz_452","9":"product_cat-volha_21","10":"product_cat-volha_24","12":"first","13":"instock","14":"shipping-taxable","15":"purchasable","16":"product-type-simple"},"_links":{"self":[{"href":"https:\/\/nd.gaz69.cz\/en\/wp-json\/wp\/v2\/product\/2563","targetHints":{"allow":["GET"]}}],"collection":[{"href":"https:\/\/nd.gaz69.cz\/en\/wp-json\/wp\/v2\/product"}],"about":[{"href":"https:\/\/nd.gaz69.cz\/en\/wp-json\/wp\/v2\/types\/product"}],"wp:featuredmedia":[{"embeddable":true,"href":"https:\/\/nd.gaz69.cz\/en\/wp-json\/wp\/v2\/media\/2564"}],"wp:attachment":[{"href":"https:\/\/nd.gaz69.cz\/en\/wp-json\/wp\/v2\/media?parent=2563"}],"wp:term":[{"taxonomy":"product_brand","embeddable":true,"href":"https:\/\/nd.gaz69.cz\/en\/wp-json\/wp\/v2\/product_brand?post=2563"},{"taxonomy":"product_cat","embeddable":true,"href":"https:\/\/nd.gaz69.cz\/en\/wp-json\/wp\/v2\/product_cat?post=2563"},{"taxonomy":"product_tag","embeddable":true,"href":"https:\/\/nd.gaz69.cz\/en\/wp-json\/wp\/v2\/product_tag?post=2563"}],"curies":[{"name":"wp","href":"https:\/\/api.w.org\/{rel}","templated":true}]}}