{"id":2535,"date":"2024-03-29T17:07:59","date_gmt":"2024-03-29T16:07:59","guid":{"rendered":"https:\/\/nd.gaz69.cz\/?post_type=product&#038;p=2535"},"modified":"2025-08-19T17:57:37","modified_gmt":"2025-08-19T15:57:37","slug":"bavlneny-oplet-elektrickych-kabelu","status":"publish","type":"product","link":"https:\/\/nd.gaz69.cz\/en\/produkt\/bavlneny-oplet-elektrickych-kabelu\/","title":{"rendered":"Bavln\u011bn\u00fd oplet elektrick\u00fdch kabel\u016f"},"content":{"rendered":"<p>Analog. Nov\u00fd. Vyrobeno dle origin\u00e1lu.<\/p>\n<p>Pou\u017e\u00edv\u00e1 se pro kabely p\u0159edn\u00edch sv\u011btlomet\u016f, pro kabely pozi\u010dn\u00edch sv\u011btel.<\/p>\n<p>Lze pou\u017e\u00edt i pro jak\u00fdkoliv jin\u00fd kabel.<\/p>\n<p><strong>Cena je uvedena za 1 m.<\/strong><\/p>\n","protected":false},"excerpt":{"rendered":"<p>Analog. Nov\u00fd. Vyrobeno dle origin\u00e1lu. Pou\u017e\u00edv\u00e1 se pro kabely p\u0159edn\u00edch sv\u011btlomet\u016f, pro kabely pozi\u010dn\u00edch sv\u011btel. Lze pou\u017e\u00edt i pro jak\u00fdkoliv jin\u00fd kabel. Cena je uvedena za 1 m.<\/p>\n","protected":false},"featured_media":2536,"template":"","meta":[],"product_brand":[],"product_cat":[31,48,33,54,55,56],"product_tag":[],"class_list":{"0":"post-2535","1":"product","2":"type-product","3":"status-publish","4":"has-post-thumbnail","6":"product_cat-elektricke_casti","7":"product_cat-gumove_casti_tesneni_silentbloky","8":"product_cat-vybava_naradi_doplnky","9":"product_cat-uaz_469_uaz_452","10":"product_cat-volha_21","11":"product_cat-volha_24","13":"first","14":"instock","15":"shipping-taxable","16":"purchasable","17":"product-type-simple"},"_links":{"self":[{"href":"https:\/\/nd.gaz69.cz\/en\/wp-json\/wp\/v2\/product\/2535","targetHints":{"allow":["GET"]}}],"collection":[{"href":"https:\/\/nd.gaz69.cz\/en\/wp-json\/wp\/v2\/product"}],"about":[{"href":"https:\/\/nd.gaz69.cz\/en\/wp-json\/wp\/v2\/types\/product"}],"wp:featuredmedia":[{"embeddable":true,"href":"https:\/\/nd.gaz69.cz\/en\/wp-json\/wp\/v2\/media\/2536"}],"wp:attachment":[{"href":"https:\/\/nd.gaz69.cz\/en\/wp-json\/wp\/v2\/media?parent=2535"}],"wp:term":[{"taxonomy":"product_brand","embeddable":true,"href":"https:\/\/nd.gaz69.cz\/en\/wp-json\/wp\/v2\/product_brand?post=2535"},{"taxonomy":"product_cat","embeddable":true,"href":"https:\/\/nd.gaz69.cz\/en\/wp-json\/wp\/v2\/product_cat?post=2535"},{"taxonomy":"product_tag","embeddable":true,"href":"https:\/\/nd.gaz69.cz\/en\/wp-json\/wp\/v2\/product_tag?post=2535"}],"curies":[{"name":"wp","href":"https:\/\/api.w.org\/{rel}","templated":true}]}}