{"id":2474,"date":"2024-03-27T13:35:08","date_gmt":"2024-03-27T12:35:08","guid":{"rendered":"https:\/\/nd.gaz69.cz\/?post_type=product&#038;p=2474"},"modified":"2025-06-17T13:02:33","modified_gmt":"2025-06-17T11:02:33","slug":"tahlo-rucni-brzdy","status":"publish","type":"product","link":"https:\/\/nd.gaz69.cz\/en\/produkt\/tahlo-rucni-brzdy\/","title":{"rendered":"T\u00e1hlo ru\u010dn\u00ed brzdy &#8211; ORIGIN\u00c1L !"},"content":{"rendered":"<p>Origin\u00e1l. Nov\u00e9.<\/p>\n","protected":false},"excerpt":{"rendered":"<p>Origin\u00e1l. Nov\u00e9.<\/p>\n","protected":false},"featured_media":2475,"template":"","meta":[],"product_brand":[],"product_cat":[29],"product_tag":[],"class_list":{"0":"post-2474","1":"product","2":"type-product","3":"status-publish","4":"has-post-thumbnail","6":"product_cat-brzdovy_system","8":"first","9":"instock","10":"shipping-taxable","11":"purchasable","12":"product-type-simple"},"_links":{"self":[{"href":"https:\/\/nd.gaz69.cz\/en\/wp-json\/wp\/v2\/product\/2474","targetHints":{"allow":["GET"]}}],"collection":[{"href":"https:\/\/nd.gaz69.cz\/en\/wp-json\/wp\/v2\/product"}],"about":[{"href":"https:\/\/nd.gaz69.cz\/en\/wp-json\/wp\/v2\/types\/product"}],"wp:featuredmedia":[{"embeddable":true,"href":"https:\/\/nd.gaz69.cz\/en\/wp-json\/wp\/v2\/media\/2475"}],"wp:attachment":[{"href":"https:\/\/nd.gaz69.cz\/en\/wp-json\/wp\/v2\/media?parent=2474"}],"wp:term":[{"taxonomy":"product_brand","embeddable":true,"href":"https:\/\/nd.gaz69.cz\/en\/wp-json\/wp\/v2\/product_brand?post=2474"},{"taxonomy":"product_cat","embeddable":true,"href":"https:\/\/nd.gaz69.cz\/en\/wp-json\/wp\/v2\/product_cat?post=2474"},{"taxonomy":"product_tag","embeddable":true,"href":"https:\/\/nd.gaz69.cz\/en\/wp-json\/wp\/v2\/product_tag?post=2474"}],"curies":[{"name":"wp","href":"https:\/\/api.w.org\/{rel}","templated":true}]}}