{"id":247,"date":"2024-03-29T10:03:20","date_gmt":"2024-03-29T09:03:20","guid":{"rendered":"https:\/\/nd.gaz69.cz\/?post_type=product&#038;p=247"},"modified":"2026-02-26T20:13:38","modified_gmt":"2026-02-26T19:13:38","slug":"odrazky-cervene-sklicko","status":"publish","type":"product","link":"https:\/\/nd.gaz69.cz\/en\/produkt\/odrazky-cervene-sklicko\/","title":{"rendered":"Odrazky &#8211; \u010derven\u00e9"},"content":{"rendered":"<p>Analog. Nov\u00e9.<\/p>\n<p>Cena je uvedena za 1 p\u00e1r.<\/p>\n<p>&nbsp;<\/p>\n","protected":false},"excerpt":{"rendered":"<p>Analog. Nov\u00e9. Cena je uvedena za 1 p\u00e1r. &nbsp;<\/p>\n","protected":false},"featured_media":248,"template":"","meta":[],"product_brand":[],"product_cat":[27,54,57,53],"product_tag":[],"class_list":{"0":"post-247","1":"product","2":"type-product","3":"status-publish","4":"has-post-thumbnail","6":"product_cat-karoserie","7":"product_cat-uaz_469_uaz_452","8":"product_cat-aro_m461","9":"product_cat-gaz_704_uaz_8109","11":"first","12":"instock","13":"shipping-taxable","14":"purchasable","15":"product-type-simple"},"_links":{"self":[{"href":"https:\/\/nd.gaz69.cz\/en\/wp-json\/wp\/v2\/product\/247","targetHints":{"allow":["GET"]}}],"collection":[{"href":"https:\/\/nd.gaz69.cz\/en\/wp-json\/wp\/v2\/product"}],"about":[{"href":"https:\/\/nd.gaz69.cz\/en\/wp-json\/wp\/v2\/types\/product"}],"wp:featuredmedia":[{"embeddable":true,"href":"https:\/\/nd.gaz69.cz\/en\/wp-json\/wp\/v2\/media\/248"}],"wp:attachment":[{"href":"https:\/\/nd.gaz69.cz\/en\/wp-json\/wp\/v2\/media?parent=247"}],"wp:term":[{"taxonomy":"product_brand","embeddable":true,"href":"https:\/\/nd.gaz69.cz\/en\/wp-json\/wp\/v2\/product_brand?post=247"},{"taxonomy":"product_cat","embeddable":true,"href":"https:\/\/nd.gaz69.cz\/en\/wp-json\/wp\/v2\/product_cat?post=247"},{"taxonomy":"product_tag","embeddable":true,"href":"https:\/\/nd.gaz69.cz\/en\/wp-json\/wp\/v2\/product_tag?post=247"}],"curies":[{"name":"wp","href":"https:\/\/api.w.org\/{rel}","templated":true}]}}