{"id":2393,"date":"2025-03-19T18:54:04","date_gmt":"2025-03-19T17:54:04","guid":{"rendered":"https:\/\/nd.gaz69.cz\/?post_type=product&#038;p=2393"},"modified":"2025-07-01T15:16:09","modified_gmt":"2025-07-01T13:16:09","slug":"tesneni-karburatoru-k-124-k-129-k-131","status":"publish","type":"product","link":"https:\/\/nd.gaz69.cz\/en\/produkt\/tesneni-karburatoru-k-124-k-129-k-131\/","title":{"rendered":"T\u011bsn\u011bn\u00ed karbur\u00e1toru &#8211; K 124, K 129, K 131 &#8211; mal\u00e1"},"content":{"rendered":"<p>Analog. Nov\u00e9. Kompletn\u00ed.<\/p>\n<p>Odoln\u00e9 v\u016f\u010di dne\u0161n\u00edmu benz\u00ednu.<\/p>\n","protected":false},"excerpt":{"rendered":"<p>Analog. Nov\u00e9. Kompletn\u00ed. Odoln\u00e9 v\u016f\u010di dne\u0161n\u00edmu benz\u00ednu.<\/p>\n","protected":false},"featured_media":2394,"template":"","meta":[],"product_brand":[],"product_cat":[48,47],"product_tag":[],"class_list":{"0":"post-2393","1":"product","2":"type-product","3":"status-publish","4":"has-post-thumbnail","6":"product_cat-gumove_casti_tesneni_silentbloky","7":"product_cat-system_paliva","9":"first","10":"instock","11":"shipping-taxable","12":"purchasable","13":"product-type-simple"},"_links":{"self":[{"href":"https:\/\/nd.gaz69.cz\/en\/wp-json\/wp\/v2\/product\/2393","targetHints":{"allow":["GET"]}}],"collection":[{"href":"https:\/\/nd.gaz69.cz\/en\/wp-json\/wp\/v2\/product"}],"about":[{"href":"https:\/\/nd.gaz69.cz\/en\/wp-json\/wp\/v2\/types\/product"}],"wp:featuredmedia":[{"embeddable":true,"href":"https:\/\/nd.gaz69.cz\/en\/wp-json\/wp\/v2\/media\/2394"}],"wp:attachment":[{"href":"https:\/\/nd.gaz69.cz\/en\/wp-json\/wp\/v2\/media?parent=2393"}],"wp:term":[{"taxonomy":"product_brand","embeddable":true,"href":"https:\/\/nd.gaz69.cz\/en\/wp-json\/wp\/v2\/product_brand?post=2393"},{"taxonomy":"product_cat","embeddable":true,"href":"https:\/\/nd.gaz69.cz\/en\/wp-json\/wp\/v2\/product_cat?post=2393"},{"taxonomy":"product_tag","embeddable":true,"href":"https:\/\/nd.gaz69.cz\/en\/wp-json\/wp\/v2\/product_tag?post=2393"}],"curies":[{"name":"wp","href":"https:\/\/api.w.org\/{rel}","templated":true}]}}