{"id":2387,"date":"2024-09-24T18:57:56","date_gmt":"2024-09-24T16:57:56","guid":{"rendered":"https:\/\/nd.gaz69.cz\/?post_type=product&#038;p=2387"},"modified":"2026-03-02T10:18:50","modified_gmt":"2026-03-02T09:18:50","slug":"brzdova-hadice-s-okem-a-prutokovym-sroubem","status":"publish","type":"product","link":"https:\/\/nd.gaz69.cz\/en\/produkt\/brzdova-hadice-s-okem-a-prutokovym-sroubem\/","title":{"rendered":"Brzdov\u00e1 hadice s okem a pr\u016ftokov\u00fdm \u0161roubem &#8211; p\u0159edn\u00ed"},"content":{"rendered":"<p>Analog. Nov\u00e1.<\/p>\n<p>D\u00e9lka 565 mm.<\/p>\n","protected":false},"excerpt":{"rendered":"<p>Analog. Nov\u00e1. D\u00e9lka 565 mm.<\/p>\n","protected":false},"featured_media":3022,"template":"","meta":[],"product_brand":[],"product_cat":[29],"product_tag":[],"class_list":{"0":"post-2387","1":"product","2":"type-product","3":"status-publish","4":"has-post-thumbnail","6":"product_cat-brzdovy_system","8":"first","9":"instock","10":"shipping-taxable","11":"purchasable","12":"product-type-simple"},"_links":{"self":[{"href":"https:\/\/nd.gaz69.cz\/en\/wp-json\/wp\/v2\/product\/2387","targetHints":{"allow":["GET"]}}],"collection":[{"href":"https:\/\/nd.gaz69.cz\/en\/wp-json\/wp\/v2\/product"}],"about":[{"href":"https:\/\/nd.gaz69.cz\/en\/wp-json\/wp\/v2\/types\/product"}],"wp:featuredmedia":[{"embeddable":true,"href":"https:\/\/nd.gaz69.cz\/en\/wp-json\/wp\/v2\/media\/3022"}],"wp:attachment":[{"href":"https:\/\/nd.gaz69.cz\/en\/wp-json\/wp\/v2\/media?parent=2387"}],"wp:term":[{"taxonomy":"product_brand","embeddable":true,"href":"https:\/\/nd.gaz69.cz\/en\/wp-json\/wp\/v2\/product_brand?post=2387"},{"taxonomy":"product_cat","embeddable":true,"href":"https:\/\/nd.gaz69.cz\/en\/wp-json\/wp\/v2\/product_cat?post=2387"},{"taxonomy":"product_tag","embeddable":true,"href":"https:\/\/nd.gaz69.cz\/en\/wp-json\/wp\/v2\/product_tag?post=2387"}],"curies":[{"name":"wp","href":"https:\/\/api.w.org\/{rel}","templated":true}]}}