{"id":2345,"date":"2024-09-24T19:15:13","date_gmt":"2024-09-24T17:15:13","guid":{"rendered":"https:\/\/nd.gaz69.cz\/?post_type=product&#038;p=2345"},"modified":"2025-08-19T18:17:09","modified_gmt":"2025-08-19T16:17:09","slug":"sparomer","status":"publish","type":"product","link":"https:\/\/nd.gaz69.cz\/en\/produkt\/sparomer\/","title":{"rendered":"Sp\u00e1rom\u011br &#8211; ORIGIN\u00c1L !"},"content":{"rendered":"<p>Origin\u00e1l. Nov\u00fd.<\/p>\n<p>Pro nastaven\u00ed v\u016fl\u00ed u sv\u00ed\u010dek, rozdelova\u010de a ventil\u016f.<\/p>\n","protected":false},"excerpt":{"rendered":"<p>Origin\u00e1l. Nov\u00fd. Pro nastaven\u00ed v\u016fl\u00ed u sv\u00ed\u010dek, rozdelova\u010de a ventil\u016f.<\/p>\n","protected":false},"featured_media":2346,"template":"","meta":[],"product_brand":[],"product_cat":[31,18,33,54,55,56],"product_tag":[],"class_list":{"0":"post-2345","1":"product","2":"type-product","3":"status-publish","4":"has-post-thumbnail","6":"product_cat-elektricke_casti","7":"product_cat-motor_spojka_prevodovky","8":"product_cat-vybava_naradi_doplnky","9":"product_cat-uaz_469_uaz_452","10":"product_cat-volha_21","11":"product_cat-volha_24","13":"first","14":"instock","15":"shipping-taxable","16":"purchasable","17":"product-type-simple"},"_links":{"self":[{"href":"https:\/\/nd.gaz69.cz\/en\/wp-json\/wp\/v2\/product\/2345","targetHints":{"allow":["GET"]}}],"collection":[{"href":"https:\/\/nd.gaz69.cz\/en\/wp-json\/wp\/v2\/product"}],"about":[{"href":"https:\/\/nd.gaz69.cz\/en\/wp-json\/wp\/v2\/types\/product"}],"wp:featuredmedia":[{"embeddable":true,"href":"https:\/\/nd.gaz69.cz\/en\/wp-json\/wp\/v2\/media\/2346"}],"wp:attachment":[{"href":"https:\/\/nd.gaz69.cz\/en\/wp-json\/wp\/v2\/media?parent=2345"}],"wp:term":[{"taxonomy":"product_brand","embeddable":true,"href":"https:\/\/nd.gaz69.cz\/en\/wp-json\/wp\/v2\/product_brand?post=2345"},{"taxonomy":"product_cat","embeddable":true,"href":"https:\/\/nd.gaz69.cz\/en\/wp-json\/wp\/v2\/product_cat?post=2345"},{"taxonomy":"product_tag","embeddable":true,"href":"https:\/\/nd.gaz69.cz\/en\/wp-json\/wp\/v2\/product_tag?post=2345"}],"curies":[{"name":"wp","href":"https:\/\/api.w.org\/{rel}","templated":true}]}}