{"id":2335,"date":"2024-09-24T19:04:03","date_gmt":"2024-09-24T17:04:03","guid":{"rendered":"https:\/\/nd.gaz69.cz\/?post_type=product&#038;p=2335"},"modified":"2025-09-20T09:00:58","modified_gmt":"2025-09-20T07:00:58","slug":"sroub-se-zapustnou-hlavou-m8x1x18-mm-pro-upevneni-zavesu-dveri-ke-karoserii","status":"publish","type":"product","link":"https:\/\/nd.gaz69.cz\/en\/produkt\/sroub-se-zapustnou-hlavou-m8x1x18-mm-pro-upevneni-zavesu-dveri-ke-karoserii\/","title":{"rendered":"\u0160roub se z\u00e1pustnou hlavou M8x1x18 mm pro upevn\u011bn\u00ed z\u00e1v\u011bsu dve\u0159\u00ed ke karoserii &#8211; ORIGIN\u00c1L !"},"content":{"rendered":"<p>Origin\u00e1l. Nov\u00fd.<\/p>\n","protected":false},"excerpt":{"rendered":"<p>Origin\u00e1l. Nov\u00fd.<\/p>\n","protected":false},"featured_media":2336,"template":"","meta":[],"product_brand":[],"product_cat":[45,27],"product_tag":[],"class_list":{"0":"post-2335","1":"product","2":"type-product","3":"status-publish","4":"has-post-thumbnail","6":"product_cat-casti_kabiny","7":"product_cat-karoserie","9":"first","10":"instock","11":"shipping-taxable","12":"purchasable","13":"product-type-simple"},"_links":{"self":[{"href":"https:\/\/nd.gaz69.cz\/en\/wp-json\/wp\/v2\/product\/2335","targetHints":{"allow":["GET"]}}],"collection":[{"href":"https:\/\/nd.gaz69.cz\/en\/wp-json\/wp\/v2\/product"}],"about":[{"href":"https:\/\/nd.gaz69.cz\/en\/wp-json\/wp\/v2\/types\/product"}],"wp:featuredmedia":[{"embeddable":true,"href":"https:\/\/nd.gaz69.cz\/en\/wp-json\/wp\/v2\/media\/2336"}],"wp:attachment":[{"href":"https:\/\/nd.gaz69.cz\/en\/wp-json\/wp\/v2\/media?parent=2335"}],"wp:term":[{"taxonomy":"product_brand","embeddable":true,"href":"https:\/\/nd.gaz69.cz\/en\/wp-json\/wp\/v2\/product_brand?post=2335"},{"taxonomy":"product_cat","embeddable":true,"href":"https:\/\/nd.gaz69.cz\/en\/wp-json\/wp\/v2\/product_cat?post=2335"},{"taxonomy":"product_tag","embeddable":true,"href":"https:\/\/nd.gaz69.cz\/en\/wp-json\/wp\/v2\/product_tag?post=2335"}],"curies":[{"name":"wp","href":"https:\/\/api.w.org\/{rel}","templated":true}]}}