{"id":2331,"date":"2024-06-12T19:47:35","date_gmt":"2024-06-12T17:47:35","guid":{"rendered":"https:\/\/nd.gaz69.cz\/?post_type=product&#038;p=2331"},"modified":"2026-04-14T19:45:11","modified_gmt":"2026-04-14T17:45:11","slug":"lanko-rucni-brzdy","status":"publish","type":"product","link":"https:\/\/nd.gaz69.cz\/en\/produkt\/lanko-rucni-brzdy\/","title":{"rendered":"Lanko ru\u010dn\u00ed brzdy"},"content":{"rendered":"<p>Analog. Nov\u00e9. Kompletn\u00ed.<\/p>\n<p>Vyrobeno dle origin\u00e1l provedn\u00ed.<\/p>\n<p>Pro star\u0161\u00ed proveden\u00ed ru\u010dn\u00ed brzdy ( 50. l\u00e9a )<\/p>\n","protected":false},"excerpt":{"rendered":"<p>Analog. Nov\u00e9. Kompletn\u00ed. Vyrobeno dle origin\u00e1l provedn\u00ed. Pro star\u0161\u00ed proveden\u00ed ru\u010dn\u00ed brzdy ( 50. l\u00e9a )<\/p>\n","protected":false},"featured_media":5268,"template":"","meta":[],"product_brand":[],"product_cat":[29],"product_tag":[],"class_list":{"0":"post-2331","1":"product","2":"type-product","3":"status-publish","4":"has-post-thumbnail","6":"product_cat-brzdovy_system","8":"first","9":"instock","10":"shipping-taxable","11":"purchasable","12":"product-type-simple"},"_links":{"self":[{"href":"https:\/\/nd.gaz69.cz\/en\/wp-json\/wp\/v2\/product\/2331","targetHints":{"allow":["GET"]}}],"collection":[{"href":"https:\/\/nd.gaz69.cz\/en\/wp-json\/wp\/v2\/product"}],"about":[{"href":"https:\/\/nd.gaz69.cz\/en\/wp-json\/wp\/v2\/types\/product"}],"wp:featuredmedia":[{"embeddable":true,"href":"https:\/\/nd.gaz69.cz\/en\/wp-json\/wp\/v2\/media\/5268"}],"wp:attachment":[{"href":"https:\/\/nd.gaz69.cz\/en\/wp-json\/wp\/v2\/media?parent=2331"}],"wp:term":[{"taxonomy":"product_brand","embeddable":true,"href":"https:\/\/nd.gaz69.cz\/en\/wp-json\/wp\/v2\/product_brand?post=2331"},{"taxonomy":"product_cat","embeddable":true,"href":"https:\/\/nd.gaz69.cz\/en\/wp-json\/wp\/v2\/product_cat?post=2331"},{"taxonomy":"product_tag","embeddable":true,"href":"https:\/\/nd.gaz69.cz\/en\/wp-json\/wp\/v2\/product_tag?post=2331"}],"curies":[{"name":"wp","href":"https:\/\/api.w.org\/{rel}","templated":true}]}}