{"id":2322,"date":"2024-09-24T18:35:18","date_gmt":"2024-09-24T16:35:18","guid":{"rendered":"https:\/\/nd.gaz69.cz\/?post_type=product&#038;p=2322"},"modified":"2026-04-14T20:00:51","modified_gmt":"2026-04-14T18:00:51","slug":"drzaky-nadrze-paliva-preni-zadni","status":"publish","type":"product","link":"https:\/\/nd.gaz69.cz\/en\/produkt\/drzaky-nadrze-paliva-preni-zadni\/","title":{"rendered":"Dr\u017e\u00e1ky n\u00e1dr\u017ee paliva Gaz 69, Gaz 69 M &#8211; p\u0159edn\u00ed, zadn\u00ed"},"content":{"rendered":"<p>Analog. Nov\u00e9. V\u010detn\u011b podlo\u017eek dr\u017e\u00e1k\u016f.<\/p>\n<p>Cena je uvedena za cel\u00fd komplet na foto.<\/p>\n<p>&nbsp;<\/p>\n","protected":false},"excerpt":{"rendered":"<p>Analog. Nov\u00e9. V\u010detn\u011b podlo\u017eek dr\u017e\u00e1k\u016f. Cena je uvedena za cel\u00fd komplet na foto. &nbsp;<\/p>\n","protected":false},"featured_media":2323,"template":"","meta":[],"product_brand":[],"product_cat":[47],"product_tag":[],"class_list":{"0":"post-2322","1":"product","2":"type-product","3":"status-publish","4":"has-post-thumbnail","6":"product_cat-system_paliva","8":"first","9":"instock","10":"shipping-taxable","11":"purchasable","12":"product-type-simple"},"_links":{"self":[{"href":"https:\/\/nd.gaz69.cz\/en\/wp-json\/wp\/v2\/product\/2322","targetHints":{"allow":["GET"]}}],"collection":[{"href":"https:\/\/nd.gaz69.cz\/en\/wp-json\/wp\/v2\/product"}],"about":[{"href":"https:\/\/nd.gaz69.cz\/en\/wp-json\/wp\/v2\/types\/product"}],"wp:featuredmedia":[{"embeddable":true,"href":"https:\/\/nd.gaz69.cz\/en\/wp-json\/wp\/v2\/media\/2323"}],"wp:attachment":[{"href":"https:\/\/nd.gaz69.cz\/en\/wp-json\/wp\/v2\/media?parent=2322"}],"wp:term":[{"taxonomy":"product_brand","embeddable":true,"href":"https:\/\/nd.gaz69.cz\/en\/wp-json\/wp\/v2\/product_brand?post=2322"},{"taxonomy":"product_cat","embeddable":true,"href":"https:\/\/nd.gaz69.cz\/en\/wp-json\/wp\/v2\/product_cat?post=2322"},{"taxonomy":"product_tag","embeddable":true,"href":"https:\/\/nd.gaz69.cz\/en\/wp-json\/wp\/v2\/product_tag?post=2322"}],"curies":[{"name":"wp","href":"https:\/\/api.w.org\/{rel}","templated":true}]}}