{"id":2282,"date":"2024-09-16T16:46:40","date_gmt":"2024-09-16T14:46:40","guid":{"rendered":"https:\/\/nd.gaz69.cz\/?post_type=product&#038;p=2282"},"modified":"2025-08-29T15:30:28","modified_gmt":"2025-08-29T13:30:28","slug":"opravna-sada-brzdoveho-valce-velka","status":"publish","type":"product","link":"https:\/\/nd.gaz69.cz\/en\/produkt\/opravna-sada-brzdoveho-valce-velka\/","title":{"rendered":"Opravn\u00e1 sada brzdov\u00e9ho v\u00e1lce &#8211; velk\u00e1 &#8211; ORIGIN\u00c1L !"},"content":{"rendered":"<p>Origin\u00e1l. Nov\u00e1.<\/p>\n<p>Jednookruh.<\/p>\n<p><strong>DOPORU\u010cEN\u00cd : POU\u017d\u00cdVEJTE V\u00ddHRADN\u011a \u010cERVENOU NEBO SILIKONOVOU BRZDOVOU KAPALINU .<\/strong><\/p>\n","protected":false},"excerpt":{"rendered":"<p>Origin\u00e1l. Nov\u00e1. Jednookruh. DOPORU\u010cEN\u00cd : POU\u017d\u00cdVEJTE V\u00ddHRADN\u011a \u010cERVENOU NEBO SILIKONOVOU BRZDOVOU KAPALINU .<\/p>\n","protected":false},"featured_media":2284,"template":"","meta":[],"product_brand":[],"product_cat":[29,54],"product_tag":[],"class_list":{"0":"post-2282","1":"product","2":"type-product","3":"status-publish","4":"has-post-thumbnail","6":"product_cat-brzdovy_system","7":"product_cat-uaz_469_uaz_452","9":"first","10":"instock","11":"shipping-taxable","12":"purchasable","13":"product-type-simple"},"_links":{"self":[{"href":"https:\/\/nd.gaz69.cz\/en\/wp-json\/wp\/v2\/product\/2282","targetHints":{"allow":["GET"]}}],"collection":[{"href":"https:\/\/nd.gaz69.cz\/en\/wp-json\/wp\/v2\/product"}],"about":[{"href":"https:\/\/nd.gaz69.cz\/en\/wp-json\/wp\/v2\/types\/product"}],"wp:featuredmedia":[{"embeddable":true,"href":"https:\/\/nd.gaz69.cz\/en\/wp-json\/wp\/v2\/media\/2284"}],"wp:attachment":[{"href":"https:\/\/nd.gaz69.cz\/en\/wp-json\/wp\/v2\/media?parent=2282"}],"wp:term":[{"taxonomy":"product_brand","embeddable":true,"href":"https:\/\/nd.gaz69.cz\/en\/wp-json\/wp\/v2\/product_brand?post=2282"},{"taxonomy":"product_cat","embeddable":true,"href":"https:\/\/nd.gaz69.cz\/en\/wp-json\/wp\/v2\/product_cat?post=2282"},{"taxonomy":"product_tag","embeddable":true,"href":"https:\/\/nd.gaz69.cz\/en\/wp-json\/wp\/v2\/product_tag?post=2282"}],"curies":[{"name":"wp","href":"https:\/\/api.w.org\/{rel}","templated":true}]}}