{"id":2231,"date":"2024-09-08T11:05:02","date_gmt":"2024-09-08T09:05:02","guid":{"rendered":"https:\/\/nd.gaz69.cz\/?post_type=product&#038;p=2231"},"modified":"2025-06-17T14:58:38","modified_gmt":"2025-06-17T12:58:38","slug":"objimka-zarovek-pristrojove-desky","status":"publish","type":"product","link":"https:\/\/nd.gaz69.cz\/en\/produkt\/objimka-zarovek-pristrojove-desky\/","title":{"rendered":"Obj\u00edmka \u017e\u00e1rov\u00e9k p\u0159\u00edstrojov\u00e9 desky &#8211; ORIGIN\u00c1L !"},"content":{"rendered":"<p>Origin\u00e1l . Nov\u00e1.<\/p>\n<p>Osv\u011btlen\u00ed p\u0159\u00edstrojov\u00e9 desky 2 ks.<\/p>\n<p>Kontrolky 2 ks.<\/p>\n<p>D\u00e1lkov\u00e9 sv\u011btla 1 ks.<\/p>\n<p><strong>Cena je uvedena za 1 kus.<\/strong><\/p>\n","protected":false},"excerpt":{"rendered":"<p>Origin\u00e1l . Nov\u00e1. Osv\u011btlen\u00ed p\u0159\u00edstrojov\u00e9 desky 2 ks. Kontrolky 2 ks. D\u00e1lkov\u00e9 sv\u011btla 1 ks. Cena je uvedena za 1 kus.<\/p>\n","protected":false},"featured_media":2232,"template":"","meta":[],"product_brand":[],"product_cat":[31],"product_tag":[],"class_list":{"0":"post-2231","1":"product","2":"type-product","3":"status-publish","4":"has-post-thumbnail","6":"product_cat-elektricke_casti","8":"first","9":"instock","10":"shipping-taxable","11":"purchasable","12":"product-type-simple"},"_links":{"self":[{"href":"https:\/\/nd.gaz69.cz\/en\/wp-json\/wp\/v2\/product\/2231","targetHints":{"allow":["GET"]}}],"collection":[{"href":"https:\/\/nd.gaz69.cz\/en\/wp-json\/wp\/v2\/product"}],"about":[{"href":"https:\/\/nd.gaz69.cz\/en\/wp-json\/wp\/v2\/types\/product"}],"wp:featuredmedia":[{"embeddable":true,"href":"https:\/\/nd.gaz69.cz\/en\/wp-json\/wp\/v2\/media\/2232"}],"wp:attachment":[{"href":"https:\/\/nd.gaz69.cz\/en\/wp-json\/wp\/v2\/media?parent=2231"}],"wp:term":[{"taxonomy":"product_brand","embeddable":true,"href":"https:\/\/nd.gaz69.cz\/en\/wp-json\/wp\/v2\/product_brand?post=2231"},{"taxonomy":"product_cat","embeddable":true,"href":"https:\/\/nd.gaz69.cz\/en\/wp-json\/wp\/v2\/product_cat?post=2231"},{"taxonomy":"product_tag","embeddable":true,"href":"https:\/\/nd.gaz69.cz\/en\/wp-json\/wp\/v2\/product_tag?post=2231"}],"curies":[{"name":"wp","href":"https:\/\/api.w.org\/{rel}","templated":true}]}}