{"id":2226,"date":"2024-09-08T11:01:09","date_gmt":"2024-09-08T09:01:09","guid":{"rendered":"https:\/\/nd.gaz69.cz\/?post_type=product&#038;p=2226"},"modified":"2025-08-19T17:45:45","modified_gmt":"2025-08-19T15:45:45","slug":"odpojovac-akumulatoru-2","status":"publish","type":"product","link":"https:\/\/nd.gaz69.cz\/en\/produkt\/odpojovac-akumulatoru-2\/","title":{"rendered":"Odpojova\u010d akumul\u00e1toru"},"content":{"rendered":"<p>Nov\u00fd. Analog.<\/p>\n","protected":false},"excerpt":{"rendered":"<p>Nov\u00fd. Analog.<\/p>\n","protected":false},"featured_media":2227,"template":"","meta":[],"product_brand":[],"product_cat":[31,54],"product_tag":[],"class_list":{"0":"post-2226","1":"product","2":"type-product","3":"status-publish","4":"has-post-thumbnail","6":"product_cat-elektricke_casti","7":"product_cat-uaz_469_uaz_452","9":"first","10":"instock","11":"shipping-taxable","12":"purchasable","13":"product-type-simple"},"_links":{"self":[{"href":"https:\/\/nd.gaz69.cz\/en\/wp-json\/wp\/v2\/product\/2226","targetHints":{"allow":["GET"]}}],"collection":[{"href":"https:\/\/nd.gaz69.cz\/en\/wp-json\/wp\/v2\/product"}],"about":[{"href":"https:\/\/nd.gaz69.cz\/en\/wp-json\/wp\/v2\/types\/product"}],"wp:featuredmedia":[{"embeddable":true,"href":"https:\/\/nd.gaz69.cz\/en\/wp-json\/wp\/v2\/media\/2227"}],"wp:attachment":[{"href":"https:\/\/nd.gaz69.cz\/en\/wp-json\/wp\/v2\/media?parent=2226"}],"wp:term":[{"taxonomy":"product_brand","embeddable":true,"href":"https:\/\/nd.gaz69.cz\/en\/wp-json\/wp\/v2\/product_brand?post=2226"},{"taxonomy":"product_cat","embeddable":true,"href":"https:\/\/nd.gaz69.cz\/en\/wp-json\/wp\/v2\/product_cat?post=2226"},{"taxonomy":"product_tag","embeddable":true,"href":"https:\/\/nd.gaz69.cz\/en\/wp-json\/wp\/v2\/product_tag?post=2226"}],"curies":[{"name":"wp","href":"https:\/\/api.w.org\/{rel}","templated":true}]}}