{"id":2195,"date":"2025-07-08T14:39:58","date_gmt":"2025-07-08T12:39:58","guid":{"rendered":"https:\/\/nd.gaz69.cz\/?post_type=product&#038;p=2195"},"modified":"2025-08-19T17:24:50","modified_gmt":"2025-08-19T15:24:50","slug":"predni-svetla-kompletni","status":"publish","type":"product","link":"https:\/\/nd.gaz69.cz\/en\/produkt\/predni-svetla-kompletni\/","title":{"rendered":"P\u0159edn\u00ed sv\u011btla &#8211; kompletn\u00ed &#8211; ORIGIN\u00c1L !"},"content":{"rendered":"<p>Nov\u00e9. Origin\u00e1l.<\/p>\n<p>Kompletn\u00ed.<\/p>\n<p><strong>Cena je uveden za 1 kompletn\u00ed p\u00e1r.<\/strong><\/p>\n","protected":false},"excerpt":{"rendered":"<p>Nov\u00e9. Origin\u00e1l. Kompletn\u00ed. Cena je uveden za 1 kompletn\u00ed p\u00e1r.<\/p>\n","protected":false},"featured_media":2196,"template":"","meta":[],"product_brand":[],"product_cat":[31,54],"product_tag":[],"class_list":{"0":"post-2195","1":"product","2":"type-product","3":"status-publish","4":"has-post-thumbnail","6":"product_cat-elektricke_casti","7":"product_cat-uaz_469_uaz_452","9":"first","10":"instock","11":"shipping-taxable","12":"purchasable","13":"product-type-simple"},"_links":{"self":[{"href":"https:\/\/nd.gaz69.cz\/en\/wp-json\/wp\/v2\/product\/2195","targetHints":{"allow":["GET"]}}],"collection":[{"href":"https:\/\/nd.gaz69.cz\/en\/wp-json\/wp\/v2\/product"}],"about":[{"href":"https:\/\/nd.gaz69.cz\/en\/wp-json\/wp\/v2\/types\/product"}],"wp:featuredmedia":[{"embeddable":true,"href":"https:\/\/nd.gaz69.cz\/en\/wp-json\/wp\/v2\/media\/2196"}],"wp:attachment":[{"href":"https:\/\/nd.gaz69.cz\/en\/wp-json\/wp\/v2\/media?parent=2195"}],"wp:term":[{"taxonomy":"product_brand","embeddable":true,"href":"https:\/\/nd.gaz69.cz\/en\/wp-json\/wp\/v2\/product_brand?post=2195"},{"taxonomy":"product_cat","embeddable":true,"href":"https:\/\/nd.gaz69.cz\/en\/wp-json\/wp\/v2\/product_cat?post=2195"},{"taxonomy":"product_tag","embeddable":true,"href":"https:\/\/nd.gaz69.cz\/en\/wp-json\/wp\/v2\/product_tag?post=2195"}],"curies":[{"name":"wp","href":"https:\/\/api.w.org\/{rel}","templated":true}]}}