{"id":2192,"date":"2024-08-30T09:10:48","date_gmt":"2024-08-30T07:10:48","guid":{"rendered":"https:\/\/nd.gaz69.cz\/?post_type=product&#038;p=2192"},"modified":"2025-04-20T10:38:36","modified_gmt":"2025-04-20T08:38:36","slug":"blok-motoru-vrtani-8188","status":"publish","type":"product","link":"https:\/\/nd.gaz69.cz\/en\/produkt\/blok-motoru-vrtani-8188\/","title":{"rendered":"Blok motoru &#8211; vrt\u00e1n\u00ed 81,88 &#8211; POUZE NA OBJEDN\u00c1VKU"},"content":{"rendered":"<p>Origin\u00e1l. Nov\u00fd.<\/p>\n<p><strong>BLOK NEN\u00cd SKLEDEM.<\/strong><\/p>\n<p><strong>V P\u0158\u00cdPAD\u011a VA\u0160EHO Z\u00c1JMU N\u00c1S KONTAKTUJTE.<\/strong><\/p>\n<p><strong>( DOD\u00c1N\u00cd BLOKU TRV\u00c1 P\u0158BLI\u017dN\u011a 14 DN\u016e )<\/strong><\/p>\n","protected":false},"excerpt":{"rendered":"<p>Origin\u00e1l. Nov\u00fd. BLOK NEN\u00cd SKLEDEM. V P\u0158\u00cdPAD\u011a VA\u0160EHO Z\u00c1JMU N\u00c1S KONTAKTUJTE. ( DOD\u00c1N\u00cd BLOKU TRV\u00c1 P\u0158BLI\u017dN\u011a 14 DN\u016e )<\/p>\n","protected":false},"featured_media":2193,"template":"","meta":[],"product_brand":[],"product_cat":[18],"product_tag":[],"class_list":{"0":"post-2192","1":"product","2":"type-product","3":"status-publish","4":"has-post-thumbnail","6":"product_cat-motor_spojka_prevodovky","8":"first","9":"instock","10":"shipping-taxable","11":"product-type-simple"},"_links":{"self":[{"href":"https:\/\/nd.gaz69.cz\/en\/wp-json\/wp\/v2\/product\/2192","targetHints":{"allow":["GET"]}}],"collection":[{"href":"https:\/\/nd.gaz69.cz\/en\/wp-json\/wp\/v2\/product"}],"about":[{"href":"https:\/\/nd.gaz69.cz\/en\/wp-json\/wp\/v2\/types\/product"}],"wp:featuredmedia":[{"embeddable":true,"href":"https:\/\/nd.gaz69.cz\/en\/wp-json\/wp\/v2\/media\/2193"}],"wp:attachment":[{"href":"https:\/\/nd.gaz69.cz\/en\/wp-json\/wp\/v2\/media?parent=2192"}],"wp:term":[{"taxonomy":"product_brand","embeddable":true,"href":"https:\/\/nd.gaz69.cz\/en\/wp-json\/wp\/v2\/product_brand?post=2192"},{"taxonomy":"product_cat","embeddable":true,"href":"https:\/\/nd.gaz69.cz\/en\/wp-json\/wp\/v2\/product_cat?post=2192"},{"taxonomy":"product_tag","embeddable":true,"href":"https:\/\/nd.gaz69.cz\/en\/wp-json\/wp\/v2\/product_tag?post=2192"}],"curies":[{"name":"wp","href":"https:\/\/api.w.org\/{rel}","templated":true}]}}