{"id":2179,"date":"2024-08-25T12:03:16","date_gmt":"2024-08-25T10:03:16","guid":{"rendered":"https:\/\/nd.gaz69.cz\/?post_type=product&#038;p=2179"},"modified":"2024-10-11T10:58:56","modified_gmt":"2024-10-11T08:58:56","slug":"sovetska-radiostanice-%d1%80105%d0%bc","status":"publish","type":"product","link":"https:\/\/nd.gaz69.cz\/en\/produkt\/sovetska-radiostanice-%d1%80105%d0%bc\/","title":{"rendered":"Sov\u011btsk\u00e1 radiostanice \u0420105\u041c &#8211; VYPROD\u00c1NO !"},"content":{"rendered":"<p>Origin\u00e1l. U\u017e\u00edvan\u00e1.<\/p>\n<p><strong>Do naskladn\u011bn\u00ed VYPROD\u00c1NO.<\/strong><\/p>\n","protected":false},"excerpt":{"rendered":"<p>Origin\u00e1l. U\u017e\u00edvan\u00e1. Do naskladn\u011bn\u00ed VYPROD\u00c1NO.<\/p>\n","protected":false},"featured_media":2180,"template":"","meta":[],"product_brand":[],"product_cat":[33],"product_tag":[],"class_list":{"0":"post-2179","1":"product","2":"type-product","3":"status-publish","4":"has-post-thumbnail","6":"product_cat-vybava_naradi_doplnky","8":"first","9":"instock","10":"shipping-taxable","11":"purchasable","12":"product-type-simple"},"_links":{"self":[{"href":"https:\/\/nd.gaz69.cz\/en\/wp-json\/wp\/v2\/product\/2179","targetHints":{"allow":["GET"]}}],"collection":[{"href":"https:\/\/nd.gaz69.cz\/en\/wp-json\/wp\/v2\/product"}],"about":[{"href":"https:\/\/nd.gaz69.cz\/en\/wp-json\/wp\/v2\/types\/product"}],"wp:featuredmedia":[{"embeddable":true,"href":"https:\/\/nd.gaz69.cz\/en\/wp-json\/wp\/v2\/media\/2180"}],"wp:attachment":[{"href":"https:\/\/nd.gaz69.cz\/en\/wp-json\/wp\/v2\/media?parent=2179"}],"wp:term":[{"taxonomy":"product_brand","embeddable":true,"href":"https:\/\/nd.gaz69.cz\/en\/wp-json\/wp\/v2\/product_brand?post=2179"},{"taxonomy":"product_cat","embeddable":true,"href":"https:\/\/nd.gaz69.cz\/en\/wp-json\/wp\/v2\/product_cat?post=2179"},{"taxonomy":"product_tag","embeddable":true,"href":"https:\/\/nd.gaz69.cz\/en\/wp-json\/wp\/v2\/product_tag?post=2179"}],"curies":[{"name":"wp","href":"https:\/\/api.w.org\/{rel}","templated":true}]}}