{"id":2172,"date":"2024-08-25T11:58:32","date_gmt":"2024-08-25T09:58:32","guid":{"rendered":"https:\/\/nd.gaz69.cz\/?post_type=product&#038;p=2172"},"modified":"2024-10-11T10:59:25","modified_gmt":"2024-10-11T08:59:25","slug":"sovetska-civka-s-polnim-kabel-%d1%81%d0%bf%d1%83-3%d0%b0","status":"publish","type":"product","link":"https:\/\/nd.gaz69.cz\/en\/produkt\/sovetska-civka-s-polnim-kabel-%d1%81%d0%bf%d1%83-3%d0%b0\/","title":{"rendered":"Sov\u011btsk\u00e1 c\u00edvka s poln\u00edm kabel &#8211; \u0421\u041f\u0423-3\u0410 &#8211; VYPROD\u00c1NO !"},"content":{"rendered":"<p>Nov\u00e1. Origin\u00e1l. D\u00e9lka kabelu 155 m.<\/p>\n<p>Vhodn\u00e1 jako dopln\u011bk do vozidla pop\u0159., jako dekorace do gar\u00e1\u017ee.<\/p>\n<p><strong>Do naskladn\u011bn\u00ed VYPROD\u00c1NO.<\/strong><\/p>\n","protected":false},"excerpt":{"rendered":"<p>Nov\u00e1. Origin\u00e1l. D\u00e9lka kabelu 155 m. Vhodn\u00e1 jako dopln\u011bk do vozidla pop\u0159., jako dekorace do gar\u00e1\u017ee. Do naskladn\u011bn\u00ed VYPROD\u00c1NO.<\/p>\n","protected":false},"featured_media":2173,"template":"","meta":[],"product_brand":[],"product_cat":[33],"product_tag":[],"class_list":{"0":"post-2172","1":"product","2":"type-product","3":"status-publish","4":"has-post-thumbnail","6":"product_cat-vybava_naradi_doplnky","8":"first","9":"instock","10":"shipping-taxable","11":"purchasable","12":"product-type-simple"},"_links":{"self":[{"href":"https:\/\/nd.gaz69.cz\/en\/wp-json\/wp\/v2\/product\/2172","targetHints":{"allow":["GET"]}}],"collection":[{"href":"https:\/\/nd.gaz69.cz\/en\/wp-json\/wp\/v2\/product"}],"about":[{"href":"https:\/\/nd.gaz69.cz\/en\/wp-json\/wp\/v2\/types\/product"}],"wp:featuredmedia":[{"embeddable":true,"href":"https:\/\/nd.gaz69.cz\/en\/wp-json\/wp\/v2\/media\/2173"}],"wp:attachment":[{"href":"https:\/\/nd.gaz69.cz\/en\/wp-json\/wp\/v2\/media?parent=2172"}],"wp:term":[{"taxonomy":"product_brand","embeddable":true,"href":"https:\/\/nd.gaz69.cz\/en\/wp-json\/wp\/v2\/product_brand?post=2172"},{"taxonomy":"product_cat","embeddable":true,"href":"https:\/\/nd.gaz69.cz\/en\/wp-json\/wp\/v2\/product_cat?post=2172"},{"taxonomy":"product_tag","embeddable":true,"href":"https:\/\/nd.gaz69.cz\/en\/wp-json\/wp\/v2\/product_tag?post=2172"}],"curies":[{"name":"wp","href":"https:\/\/api.w.org\/{rel}","templated":true}]}}