{"id":215,"date":"2024-03-29T09:09:04","date_gmt":"2024-03-29T08:09:04","guid":{"rendered":"https:\/\/nd.gaz69.cz\/?post_type=product&#038;p=215"},"modified":"2025-08-26T16:22:56","modified_gmt":"2025-08-26T14:22:56","slug":"podtlakova-regulator-s-drzakem","status":"publish","type":"product","link":"https:\/\/nd.gaz69.cz\/en\/produkt\/podtlakova-regulator-s-drzakem\/","title":{"rendered":"Podtlakov\u00fd regul\u00e1tor s dr\u017e\u00e1kem &#8211; ORIGIN\u00c1L !"},"content":{"rendered":"<p>Origin\u00e1l. Nov\u00fd.<\/p>\n","protected":false},"excerpt":{"rendered":"<p>Origin\u00e1l. Nov\u00fd.<\/p>\n","protected":false},"featured_media":216,"template":"","meta":[],"product_brand":[],"product_cat":[31,54,55,56,57],"product_tag":[],"class_list":{"0":"post-215","1":"product","2":"type-product","3":"status-publish","4":"has-post-thumbnail","6":"product_cat-elektricke_casti","7":"product_cat-uaz_469_uaz_452","8":"product_cat-volha_21","9":"product_cat-volha_24","10":"product_cat-aro_m461","12":"first","13":"instock","14":"shipping-taxable","15":"purchasable","16":"product-type-simple"},"_links":{"self":[{"href":"https:\/\/nd.gaz69.cz\/en\/wp-json\/wp\/v2\/product\/215","targetHints":{"allow":["GET"]}}],"collection":[{"href":"https:\/\/nd.gaz69.cz\/en\/wp-json\/wp\/v2\/product"}],"about":[{"href":"https:\/\/nd.gaz69.cz\/en\/wp-json\/wp\/v2\/types\/product"}],"wp:featuredmedia":[{"embeddable":true,"href":"https:\/\/nd.gaz69.cz\/en\/wp-json\/wp\/v2\/media\/216"}],"wp:attachment":[{"href":"https:\/\/nd.gaz69.cz\/en\/wp-json\/wp\/v2\/media?parent=215"}],"wp:term":[{"taxonomy":"product_brand","embeddable":true,"href":"https:\/\/nd.gaz69.cz\/en\/wp-json\/wp\/v2\/product_brand?post=215"},{"taxonomy":"product_cat","embeddable":true,"href":"https:\/\/nd.gaz69.cz\/en\/wp-json\/wp\/v2\/product_cat?post=215"},{"taxonomy":"product_tag","embeddable":true,"href":"https:\/\/nd.gaz69.cz\/en\/wp-json\/wp\/v2\/product_tag?post=215"}],"curies":[{"name":"wp","href":"https:\/\/api.w.org\/{rel}","templated":true}]}}