{"id":2100,"date":"2024-07-18T10:10:34","date_gmt":"2024-07-18T08:10:34","guid":{"rendered":"https:\/\/nd.gaz69.cz\/?post_type=product&#038;p=2100"},"modified":"2026-03-03T14:53:07","modified_gmt":"2026-03-03T13:53:07","slug":"pritlacny-krouzek-tesneni-krytu-k-rucni-pace-brzdy","status":"publish","type":"product","link":"https:\/\/nd.gaz69.cz\/en\/produkt\/pritlacny-krouzek-tesneni-krytu-k-rucni-pace-brzdy\/","title":{"rendered":"P\u0159\u00edtla\u010dn\u00fd krou\u017eek t\u011bsn\u011bn\u00ed krytu k ru\u010dn\u00ed p\u00e1ce brzdy"},"content":{"rendered":"<p>Nov\u00fd. Analog.<\/p>\n","protected":false},"excerpt":{"rendered":"<p>Nov\u00fd. Analog.<\/p>\n","protected":false},"featured_media":2113,"template":"","meta":[],"product_brand":[],"product_cat":[45,27],"product_tag":[],"class_list":{"0":"post-2100","1":"product","2":"type-product","3":"status-publish","4":"has-post-thumbnail","6":"product_cat-casti_kabiny","7":"product_cat-karoserie","9":"first","10":"instock","11":"shipping-taxable","12":"purchasable","13":"product-type-simple"},"_links":{"self":[{"href":"https:\/\/nd.gaz69.cz\/en\/wp-json\/wp\/v2\/product\/2100","targetHints":{"allow":["GET"]}}],"collection":[{"href":"https:\/\/nd.gaz69.cz\/en\/wp-json\/wp\/v2\/product"}],"about":[{"href":"https:\/\/nd.gaz69.cz\/en\/wp-json\/wp\/v2\/types\/product"}],"wp:featuredmedia":[{"embeddable":true,"href":"https:\/\/nd.gaz69.cz\/en\/wp-json\/wp\/v2\/media\/2113"}],"wp:attachment":[{"href":"https:\/\/nd.gaz69.cz\/en\/wp-json\/wp\/v2\/media?parent=2100"}],"wp:term":[{"taxonomy":"product_brand","embeddable":true,"href":"https:\/\/nd.gaz69.cz\/en\/wp-json\/wp\/v2\/product_brand?post=2100"},{"taxonomy":"product_cat","embeddable":true,"href":"https:\/\/nd.gaz69.cz\/en\/wp-json\/wp\/v2\/product_cat?post=2100"},{"taxonomy":"product_tag","embeddable":true,"href":"https:\/\/nd.gaz69.cz\/en\/wp-json\/wp\/v2\/product_tag?post=2100"}],"curies":[{"name":"wp","href":"https:\/\/api.w.org\/{rel}","templated":true}]}}