{"id":2097,"date":"2024-07-18T10:07:44","date_gmt":"2024-07-18T08:07:44","guid":{"rendered":"https:\/\/nd.gaz69.cz\/?post_type=product&#038;p=2097"},"modified":"2026-03-03T14:53:35","modified_gmt":"2026-03-03T13:53:35","slug":"pritlacny-krouzek-tesneni-krytu-podlahy-k-radicim-pakam-pridavne-prevodovky","status":"publish","type":"product","link":"https:\/\/nd.gaz69.cz\/en\/produkt\/pritlacny-krouzek-tesneni-krytu-podlahy-k-radicim-pakam-pridavne-prevodovky\/","title":{"rendered":"P\u0159\u00edtla\u010dn\u00fd krou\u017eek t\u011bsn\u011bn\u00ed krytu podlahy k p\u00e1k\u00e1m zap\u00edn\u00e1n\u00ed pohonu p\u0159edn\u00ed n\u00e1pravy a p\u0159evodu do pomala"},"content":{"rendered":"<p>Nov\u00fd. Analog.<\/p>\n","protected":false},"excerpt":{"rendered":"<p>Nov\u00fd. Analog.<\/p>\n","protected":false},"featured_media":2098,"template":"","meta":[],"product_brand":[],"product_cat":[45,27],"product_tag":[],"class_list":{"0":"post-2097","1":"product","2":"type-product","3":"status-publish","4":"has-post-thumbnail","6":"product_cat-casti_kabiny","7":"product_cat-karoserie","9":"first","10":"instock","11":"shipping-taxable","12":"purchasable","13":"product-type-simple"},"_links":{"self":[{"href":"https:\/\/nd.gaz69.cz\/en\/wp-json\/wp\/v2\/product\/2097","targetHints":{"allow":["GET"]}}],"collection":[{"href":"https:\/\/nd.gaz69.cz\/en\/wp-json\/wp\/v2\/product"}],"about":[{"href":"https:\/\/nd.gaz69.cz\/en\/wp-json\/wp\/v2\/types\/product"}],"wp:featuredmedia":[{"embeddable":true,"href":"https:\/\/nd.gaz69.cz\/en\/wp-json\/wp\/v2\/media\/2098"}],"wp:attachment":[{"href":"https:\/\/nd.gaz69.cz\/en\/wp-json\/wp\/v2\/media?parent=2097"}],"wp:term":[{"taxonomy":"product_brand","embeddable":true,"href":"https:\/\/nd.gaz69.cz\/en\/wp-json\/wp\/v2\/product_brand?post=2097"},{"taxonomy":"product_cat","embeddable":true,"href":"https:\/\/nd.gaz69.cz\/en\/wp-json\/wp\/v2\/product_cat?post=2097"},{"taxonomy":"product_tag","embeddable":true,"href":"https:\/\/nd.gaz69.cz\/en\/wp-json\/wp\/v2\/product_tag?post=2097"}],"curies":[{"name":"wp","href":"https:\/\/api.w.org\/{rel}","templated":true}]}}