{"id":2027,"date":"2024-06-19T15:52:39","date_gmt":"2024-06-19T13:52:39","guid":{"rendered":"https:\/\/nd.gaz69.cz\/?post_type=product&#038;p=2027"},"modified":"2025-08-19T18:17:40","modified_gmt":"2025-08-19T16:17:40","slug":"rozvodove-kolo-vackove-hridele-2","status":"publish","type":"product","link":"https:\/\/nd.gaz69.cz\/en\/produkt\/rozvodove-kolo-vackove-hridele-2\/","title":{"rendered":"Rozvodov\u00e9 kolo va\u010dkov\u00e9 h\u0159\u00eddele"},"content":{"rendered":"<p>Analog RU. Nov\u00e9.<\/p>\n","protected":false},"excerpt":{"rendered":"<p>Analog RU. Nov\u00e9.<\/p>\n","protected":false},"featured_media":2020,"template":"","meta":[],"product_brand":[],"product_cat":[18,54,55,56],"product_tag":[],"class_list":{"0":"post-2027","1":"product","2":"type-product","3":"status-publish","4":"has-post-thumbnail","6":"product_cat-motor_spojka_prevodovky","7":"product_cat-uaz_469_uaz_452","8":"product_cat-volha_21","9":"product_cat-volha_24","11":"first","12":"instock","13":"shipping-taxable","14":"purchasable","15":"product-type-simple"},"_links":{"self":[{"href":"https:\/\/nd.gaz69.cz\/en\/wp-json\/wp\/v2\/product\/2027","targetHints":{"allow":["GET"]}}],"collection":[{"href":"https:\/\/nd.gaz69.cz\/en\/wp-json\/wp\/v2\/product"}],"about":[{"href":"https:\/\/nd.gaz69.cz\/en\/wp-json\/wp\/v2\/types\/product"}],"wp:featuredmedia":[{"embeddable":true,"href":"https:\/\/nd.gaz69.cz\/en\/wp-json\/wp\/v2\/media\/2020"}],"wp:attachment":[{"href":"https:\/\/nd.gaz69.cz\/en\/wp-json\/wp\/v2\/media?parent=2027"}],"wp:term":[{"taxonomy":"product_brand","embeddable":true,"href":"https:\/\/nd.gaz69.cz\/en\/wp-json\/wp\/v2\/product_brand?post=2027"},{"taxonomy":"product_cat","embeddable":true,"href":"https:\/\/nd.gaz69.cz\/en\/wp-json\/wp\/v2\/product_cat?post=2027"},{"taxonomy":"product_tag","embeddable":true,"href":"https:\/\/nd.gaz69.cz\/en\/wp-json\/wp\/v2\/product_tag?post=2027"}],"curies":[{"name":"wp","href":"https:\/\/api.w.org\/{rel}","templated":true}]}}