{"id":2013,"date":"2024-06-19T15:40:03","date_gmt":"2024-06-19T13:40:03","guid":{"rendered":"https:\/\/nd.gaz69.cz\/?post_type=product&#038;p=2013"},"modified":"2026-03-03T14:55:24","modified_gmt":"2026-03-03T13:55:24","slug":"spinaci-skrinka","status":"publish","type":"product","link":"https:\/\/nd.gaz69.cz\/en\/produkt\/spinaci-skrinka\/","title":{"rendered":"Sp\u00ednac\u00ed sk\u0159\u00ed\u0148ka &#8211; ORIGIN\u00c1L !"},"content":{"rendered":"<p>Origin\u00e1l. Nov\u00e1. Kompletn\u00ed.<\/p>\n","protected":false},"excerpt":{"rendered":"<p>Origin\u00e1l. Nov\u00e1. Kompletn\u00ed.<\/p>\n","protected":false},"featured_media":3586,"template":"","meta":[],"product_brand":[],"product_cat":[45,31],"product_tag":[],"class_list":{"0":"post-2013","1":"product","2":"type-product","3":"status-publish","4":"has-post-thumbnail","6":"product_cat-casti_kabiny","7":"product_cat-elektricke_casti","9":"first","10":"instock","11":"shipping-taxable","12":"purchasable","13":"product-type-simple"},"_links":{"self":[{"href":"https:\/\/nd.gaz69.cz\/en\/wp-json\/wp\/v2\/product\/2013","targetHints":{"allow":["GET"]}}],"collection":[{"href":"https:\/\/nd.gaz69.cz\/en\/wp-json\/wp\/v2\/product"}],"about":[{"href":"https:\/\/nd.gaz69.cz\/en\/wp-json\/wp\/v2\/types\/product"}],"wp:featuredmedia":[{"embeddable":true,"href":"https:\/\/nd.gaz69.cz\/en\/wp-json\/wp\/v2\/media\/3586"}],"wp:attachment":[{"href":"https:\/\/nd.gaz69.cz\/en\/wp-json\/wp\/v2\/media?parent=2013"}],"wp:term":[{"taxonomy":"product_brand","embeddable":true,"href":"https:\/\/nd.gaz69.cz\/en\/wp-json\/wp\/v2\/product_brand?post=2013"},{"taxonomy":"product_cat","embeddable":true,"href":"https:\/\/nd.gaz69.cz\/en\/wp-json\/wp\/v2\/product_cat?post=2013"},{"taxonomy":"product_tag","embeddable":true,"href":"https:\/\/nd.gaz69.cz\/en\/wp-json\/wp\/v2\/product_tag?post=2013"}],"curies":[{"name":"wp","href":"https:\/\/api.w.org\/{rel}","templated":true}]}}