{"id":2008,"date":"2024-06-19T15:33:22","date_gmt":"2024-06-19T13:33:22","guid":{"rendered":"https:\/\/nd.gaz69.cz\/?post_type=product&#038;p=2008"},"modified":"2024-06-19T15:33:23","modified_gmt":"2024-06-19T13:33:23","slug":"elektroinstalace-predni-i-zadni-svazek-2","status":"publish","type":"product","link":"https:\/\/nd.gaz69.cz\/en\/produkt\/elektroinstalace-predni-i-zadni-svazek-2\/","title":{"rendered":"Elektroinstalace \u2013 p\u0159edn\u00ed i zadn\u00ed svazek"},"content":{"rendered":"<div id=\"tab-description\" class=\"woocommerce-Tabs-panel woocommerce-Tabs-panel--description panel entry-content wc-tab\" role=\"tabpanel\" aria-labelledby=\"tab-title-description\">\n<p>Analog. Nov\u00e1.<\/p>\n<p>Kvalitn\u00ed v\u00fdroba dle origin\u00e1l proveden\u00ed.<\/p>\n<p>Barevn\u00fd, bavln\u011bn\u00fd oplet kabel\u016f.<\/p>\n<p>Cena je uvedena za cel\u00fd komplet ( p\u0159edn\u00ed i zadn\u00ed svazek ).<\/p>\n<\/div>\n","protected":false},"excerpt":{"rendered":"<p>Analog. Nov\u00e1. Kvalitn\u00ed v\u00fdroba dle origin\u00e1l proveden\u00ed. Barevn\u00fd, bavln\u011bn\u00fd oplet kabel\u016f. Cena je uvedena za cel\u00fd komplet ( p\u0159edn\u00ed i zadn\u00ed svazek ).<\/p>\n","protected":false},"featured_media":2009,"template":"","meta":[],"product_brand":[],"product_cat":[31],"product_tag":[],"class_list":{"0":"post-2008","1":"product","2":"type-product","3":"status-publish","4":"has-post-thumbnail","6":"product_cat-elektricke_casti","8":"first","9":"instock","10":"shipping-taxable","11":"purchasable","12":"product-type-simple"},"_links":{"self":[{"href":"https:\/\/nd.gaz69.cz\/en\/wp-json\/wp\/v2\/product\/2008","targetHints":{"allow":["GET"]}}],"collection":[{"href":"https:\/\/nd.gaz69.cz\/en\/wp-json\/wp\/v2\/product"}],"about":[{"href":"https:\/\/nd.gaz69.cz\/en\/wp-json\/wp\/v2\/types\/product"}],"wp:featuredmedia":[{"embeddable":true,"href":"https:\/\/nd.gaz69.cz\/en\/wp-json\/wp\/v2\/media\/2009"}],"wp:attachment":[{"href":"https:\/\/nd.gaz69.cz\/en\/wp-json\/wp\/v2\/media?parent=2008"}],"wp:term":[{"taxonomy":"product_brand","embeddable":true,"href":"https:\/\/nd.gaz69.cz\/en\/wp-json\/wp\/v2\/product_brand?post=2008"},{"taxonomy":"product_cat","embeddable":true,"href":"https:\/\/nd.gaz69.cz\/en\/wp-json\/wp\/v2\/product_cat?post=2008"},{"taxonomy":"product_tag","embeddable":true,"href":"https:\/\/nd.gaz69.cz\/en\/wp-json\/wp\/v2\/product_tag?post=2008"}],"curies":[{"name":"wp","href":"https:\/\/api.w.org\/{rel}","templated":true}]}}