{"id":197,"date":"2024-09-24T18:58:31","date_gmt":"2024-09-24T16:58:31","guid":{"rendered":"https:\/\/nd.gaz69.cz\/?post_type=product&#038;p=197"},"modified":"2025-03-13T18:00:33","modified_gmt":"2025-03-13T17:00:33","slug":"brzdova-hadice-predni","status":"publish","type":"product","link":"https:\/\/nd.gaz69.cz\/en\/produkt\/brzdova-hadice-predni\/","title":{"rendered":"Brzdov\u00e1 hadice &#8211; p\u0159edn\u00ed"},"content":{"rendered":"<p>Analog. Nov\u00e1.<\/p>\n<p>D\u00e9lka 565 mm.<\/p>\n<p>Koncovka \u010d1: vn\u011bj\u0161\u00ed z\u00e1vit M12x1.25<\/p>\n<p>Koncovka \u010d2: vnit\u0159n\u00ed z\u00e1vit M12x1 + vn\u011bj\u0161\u00ed z\u00e1vit M16x1.5<\/p>\n","protected":false},"excerpt":{"rendered":"<p>Analog. Nov\u00e1. D\u00e9lka 565 mm. Koncovka \u010d1: vn\u011bj\u0161\u00ed z\u00e1vit M12x1.25 Koncovka \u010d2: vnit\u0159n\u00ed z\u00e1vit M12x1 + vn\u011bj\u0161\u00ed z\u00e1vit M16x1.5<\/p>\n","protected":false},"featured_media":198,"template":"","meta":[],"product_brand":[],"product_cat":[29,54],"product_tag":[],"class_list":{"0":"post-197","1":"product","2":"type-product","3":"status-publish","4":"has-post-thumbnail","6":"product_cat-brzdovy_system","7":"product_cat-uaz_469_uaz_452","9":"first","10":"instock","11":"shipping-taxable","12":"purchasable","13":"product-type-simple"},"_links":{"self":[{"href":"https:\/\/nd.gaz69.cz\/en\/wp-json\/wp\/v2\/product\/197","targetHints":{"allow":["GET"]}}],"collection":[{"href":"https:\/\/nd.gaz69.cz\/en\/wp-json\/wp\/v2\/product"}],"about":[{"href":"https:\/\/nd.gaz69.cz\/en\/wp-json\/wp\/v2\/types\/product"}],"wp:featuredmedia":[{"embeddable":true,"href":"https:\/\/nd.gaz69.cz\/en\/wp-json\/wp\/v2\/media\/198"}],"wp:attachment":[{"href":"https:\/\/nd.gaz69.cz\/en\/wp-json\/wp\/v2\/media?parent=197"}],"wp:term":[{"taxonomy":"product_brand","embeddable":true,"href":"https:\/\/nd.gaz69.cz\/en\/wp-json\/wp\/v2\/product_brand?post=197"},{"taxonomy":"product_cat","embeddable":true,"href":"https:\/\/nd.gaz69.cz\/en\/wp-json\/wp\/v2\/product_cat?post=197"},{"taxonomy":"product_tag","embeddable":true,"href":"https:\/\/nd.gaz69.cz\/en\/wp-json\/wp\/v2\/product_tag?post=197"}],"curies":[{"name":"wp","href":"https:\/\/api.w.org\/{rel}","templated":true}]}}