{"id":1967,"date":"2024-06-12T19:45:07","date_gmt":"2024-06-12T17:45:07","guid":{"rendered":"https:\/\/nd.gaz69.cz\/?post_type=product&#038;p=1967"},"modified":"2024-06-13T16:22:59","modified_gmt":"2024-06-13T14:22:59","slug":"kryt-brzdoveho-valce","status":"publish","type":"product","link":"https:\/\/nd.gaz69.cz\/en\/produkt\/kryt-brzdoveho-valce\/","title":{"rendered":"Kryt brzdov\u00e9ho v\u00e1lce"},"content":{"rendered":"<p>Analog. Nov\u00fd.<\/p>\n<p>Kryt brzdov\u00e9ho v\u00e1lce v podlaze \u0159idi\u010de.<\/p>\n","protected":false},"excerpt":{"rendered":"<p>Analog. Nov\u00fd. Kryt brzdov\u00e9ho v\u00e1lce v podlaze \u0159idi\u010de.<\/p>\n","protected":false},"featured_media":1968,"template":"","meta":[],"product_brand":[],"product_cat":[29],"product_tag":[],"class_list":{"0":"post-1967","1":"product","2":"type-product","3":"status-publish","4":"has-post-thumbnail","6":"product_cat-brzdovy_system","8":"first","9":"instock","10":"shipping-taxable","11":"purchasable","12":"product-type-simple"},"_links":{"self":[{"href":"https:\/\/nd.gaz69.cz\/en\/wp-json\/wp\/v2\/product\/1967","targetHints":{"allow":["GET"]}}],"collection":[{"href":"https:\/\/nd.gaz69.cz\/en\/wp-json\/wp\/v2\/product"}],"about":[{"href":"https:\/\/nd.gaz69.cz\/en\/wp-json\/wp\/v2\/types\/product"}],"wp:featuredmedia":[{"embeddable":true,"href":"https:\/\/nd.gaz69.cz\/en\/wp-json\/wp\/v2\/media\/1968"}],"wp:attachment":[{"href":"https:\/\/nd.gaz69.cz\/en\/wp-json\/wp\/v2\/media?parent=1967"}],"wp:term":[{"taxonomy":"product_brand","embeddable":true,"href":"https:\/\/nd.gaz69.cz\/en\/wp-json\/wp\/v2\/product_brand?post=1967"},{"taxonomy":"product_cat","embeddable":true,"href":"https:\/\/nd.gaz69.cz\/en\/wp-json\/wp\/v2\/product_cat?post=1967"},{"taxonomy":"product_tag","embeddable":true,"href":"https:\/\/nd.gaz69.cz\/en\/wp-json\/wp\/v2\/product_tag?post=1967"}],"curies":[{"name":"wp","href":"https:\/\/api.w.org\/{rel}","templated":true}]}}